{"id":967,"date":"2021-07-02T00:26:17","date_gmt":"2021-07-01T22:26:17","guid":{"rendered":"https:\/\/groovit-dancestudio.com\/?page_id=967"},"modified":"2023-06-08T17:35:29","modified_gmt":"2023-06-08T15:35:29","slug":"solene","status":"publish","type":"page","link":"https:\/\/groovit-dancestudio.com\/index.php\/solene\/","title":{"rendered":"Sol\u00e8ne"},"content":{"rendered":"\t\t<div data-elementor-type=\"wp-page\" data-elementor-id=\"967\" class=\"elementor elementor-967\" data-elementor-settings=\"[]\">\n\t\t\t\t\t\t<div class=\"elementor-inner\">\n\t\t\t\t\t\t\t<div class=\"elementor-section-wrap\">\n\t\t\t\t\t\t\t<section class=\"elementor-section elementor-top-section elementor-element elementor-element-79f5096 elementor-section-boxed elementor-section-height-default elementor-section-height-default parallax_section_no qode_elementor_container_no\" data-id=\"79f5096\" data-element_type=\"section\">\n\t\t\t\t\t\t<div class=\"elementor-container elementor-column-gap-default\">\n\t\t\t\t\t\t\t<div class=\"elementor-row\">\n\t\t\t\t\t<div class=\"elementor-column elementor-col-100 elementor-top-column elementor-element elementor-element-559bbcb\" data-id=\"559bbcb\" data-element_type=\"column\">\n\t\t\t<div class=\"elementor-column-wrap elementor-element-populated\">\n\t\t\t\t\t\t\t<div class=\"elementor-widget-wrap\">\n\t\t\t\t\t\t<div class=\"elementor-element elementor-element-3599614b elementor-widget elementor-widget-spacer\" data-id=\"3599614b\" data-element_type=\"widget\" data-widget_type=\"spacer.default\">\n\t\t\t\t<div class=\"elementor-widget-container\">\n\t\t\t\t\t<div class=\"elementor-spacer\">\n\t\t\t<div class=\"elementor-spacer-inner\"><\/div>\n\t\t<\/div>\n\t\t\t\t<\/div>\n\t\t\t\t<\/div>\n\t\t\t\t<div class=\"elementor-element elementor-element-e001aec elementor-aspect-ratio-169 elementor-widget elementor-widget-video\" data-id=\"e001aec\" data-element_type=\"widget\" data-settings=\"{&quot;youtube_url&quot;:&quot;https:\\\/\\\/youtu.be\\\/ZXZ-mNk-1MI&quot;,&quot;video_type&quot;:&quot;youtube&quot;,&quot;controls&quot;:&quot;yes&quot;,&quot;aspect_ratio&quot;:&quot;169&quot;}\" data-widget_type=\"video.default\">\n\t\t\t\t<div class=\"elementor-widget-container\">\n\t\t\t\t\t<div class=\"elementor-wrapper elementor-fit-aspect-ratio elementor-open-inline\">\n\t\t\t<div class=\"elementor-video\"><\/div>\t\t<\/div>\n\t\t\t\t<\/div>\n\t\t\t\t<\/div>\n\t\t\t\t<div class=\"elementor-element elementor-element-4c5514ca elementor-widget elementor-widget-spacer\" data-id=\"4c5514ca\" data-element_type=\"widget\" data-widget_type=\"spacer.default\">\n\t\t\t\t<div class=\"elementor-widget-container\">\n\t\t\t\t\t<div class=\"elementor-spacer\">\n\t\t\t<div class=\"elementor-spacer-inner\"><\/div>\n\t\t<\/div>\n\t\t\t\t<\/div>\n\t\t\t\t<\/div>\n\t\t\t\t\t\t<\/div>\n\t\t\t\t\t<\/div>\n\t\t<\/div>\n\t\t\t\t\t\t\t\t<\/div>\n\t\t\t\t\t<\/div>\n\t\t<\/section>\n\t\t\t\t<section class=\"elementor-section elementor-top-section elementor-element elementor-element-2828566f elementor-section-content-top elementor-section-boxed elementor-section-height-default elementor-section-height-default parallax_section_no qode_elementor_container_no\" data-id=\"2828566f\" data-element_type=\"section\">\n\t\t\t\t\t\t<div class=\"elementor-container elementor-column-gap-default\">\n\t\t\t\t\t\t\t<div class=\"elementor-row\">\n\t\t\t\t\t<div class=\"elementor-column elementor-col-50 elementor-top-column elementor-element elementor-element-73913f64\" data-id=\"73913f64\" data-element_type=\"column\">\n\t\t\t<div class=\"elementor-column-wrap elementor-element-populated\">\n\t\t\t\t\t\t\t<div class=\"elementor-widget-wrap\">\n\t\t\t\t\t\t<div class=\"elementor-element elementor-element-3959e360 elementor-widget elementor-widget-text-editor\" data-id=\"3959e360\" data-element_type=\"widget\" data-widget_type=\"text-editor.default\">\n\t\t\t\t<div class=\"elementor-widget-container\">\n\t\t\t\t\t\t\t\t<div class=\"elementor-text-editor elementor-clearfix\">\n\t\t\t\t\t<p style=\"text-align: justify;\">Sol\u00e8ne enseigne le Blues depuis 3 ans au sein de l&#8217;\u00e9quipe Groov&#8217;it.<\/p><p style=\"text-align: justify;\">Passionn\u00e9e de danse depuis son plus jeune \u00e2ge : Street danse, flamenco, oriental\u2026De par ces danses, lui viennent son groove et sa sensualit\u00e9. C&#8217;est en 2014, aux Etats-Unis que Sol\u00e8ne d\u00e9couvre le Lindy-hop et finalement le blues en 2019 lors d&#8217;une initiation aupr\u00e8s de B\u00e9n\u00e9dicte et Laurent. Depuis, c&#8217;est l&#8217;amour fou : cours, pratiques, soir\u00e9es, festivals\u2026toute occasion pour danser est bonne \u00e0 prendre !<\/p><p>\u00a0<\/p><p style=\"text-align: justify;\">Sol\u00e8ne progresse alors \u00e0 une vitesse fulgurante et devient une figure de la sc\u00e8ne blues Parisienne.<\/p>\t\t\t\t\t<\/div>\n\t\t\t\t\t\t<\/div>\n\t\t\t\t<\/div>\n\t\t\t\t\t\t<\/div>\n\t\t\t\t\t<\/div>\n\t\t<\/div>\n\t\t\t\t<div class=\"elementor-column elementor-col-50 elementor-top-column elementor-element elementor-element-2c8b3501\" data-id=\"2c8b3501\" data-element_type=\"column\">\n\t\t\t<div class=\"elementor-column-wrap elementor-element-populated\">\n\t\t\t\t\t\t\t<div class=\"elementor-widget-wrap\">\n\t\t\t\t\t\t<div class=\"elementor-element elementor-element-3bd34cfc elementor-widget elementor-widget-text-editor\" data-id=\"3bd34cfc\" data-element_type=\"widget\" data-widget_type=\"text-editor.default\">\n\t\t\t\t<div class=\"elementor-widget-container\">\n\t\t\t\t\t\t\t\t<div class=\"elementor-text-editor elementor-clearfix\">\n\t\t\t\t\t<p style=\"text-align: justify;\">Dans son enseignement, elle porte une importance toute particuli\u00e8re \u00e0 un apprentissage bas\u00e9 sur le mouvement, la technique mais surtout la connexion avec l&#8217;autre (qui est d&#8217;ailleurs un aspect qu&#8217;elle affectionne particuli\u00e8rement dans la danse). D&#8217;un temp\u00e9rament solaire, Sol\u00e8ne souhaite \u00e0 travers sa p\u00e9dagogie, transmettre l&#8217;h\u00e9ritage de la culture blues qu\u2019elle d\u00e9sire faire vivre tout en l\u2019enrichissant d\u2019une petite part d\u2019elle-m\u00eame.<\/p><p>\u00a0<\/p><p style=\"text-align: justify;\">La danse id\u00e9ale pour Sol\u00e8ne ? Danser sur Tennessee Whiskey de Chris Stapleton sur les \u00e9tages de la Tour Eiffel, d\u00e9collage assur\u00e9 !<\/p>\t\t\t\t\t<\/div>\n\t\t\t\t\t\t<\/div>\n\t\t\t\t<\/div>\n\t\t\t\t\t\t<\/div>\n\t\t\t\t\t<\/div>\n\t\t<\/div>\n\t\t\t\t\t\t\t\t<\/div>\n\t\t\t\t\t<\/div>\n\t\t<\/section>\n\t\t\t\t<section class=\"elementor-section elementor-top-section elementor-element elementor-element-551c0f22 elementor-section-boxed elementor-section-height-default elementor-section-height-default parallax_section_no qode_elementor_container_no\" data-id=\"551c0f22\" data-element_type=\"section\">\n\t\t\t\t\t\t<div class=\"elementor-container elementor-column-gap-default\">\n\t\t\t\t\t\t\t<div class=\"elementor-row\">\n\t\t\t\t\t<div class=\"elementor-column elementor-col-100 elementor-top-column elementor-element elementor-element-1550de8c\" data-id=\"1550de8c\" data-element_type=\"column\">\n\t\t\t<div class=\"elementor-column-wrap elementor-element-populated\">\n\t\t\t\t\t\t\t<div class=\"elementor-widget-wrap\">\n\t\t\t\t\t\t<div class=\"elementor-element elementor-element-f1b274e elementor-widget elementor-widget-spacer\" data-id=\"f1b274e\" data-element_type=\"widget\" data-widget_type=\"spacer.default\">\n\t\t\t\t<div class=\"elementor-widget-container\">\n\t\t\t\t\t<div class=\"elementor-spacer\">\n\t\t\t<div class=\"elementor-spacer-inner\"><\/div>\n\t\t<\/div>\n\t\t\t\t<\/div>\n\t\t\t\t<\/div>\n\t\t\t\t<div class=\"elementor-element elementor-element-bbb01a0 elementor-widget-divider--view-line elementor-widget elementor-widget-divider\" data-id=\"bbb01a0\" data-element_type=\"widget\" data-widget_type=\"divider.default\">\n\t\t\t\t<div class=\"elementor-widget-container\">\n\t\t\t\t\t<div class=\"elementor-divider\">\n\t\t\t<span class=\"elementor-divider-separator\">\n\t\t\t\t\t\t<\/span>\n\t\t<\/div>\n\t\t\t\t<\/div>\n\t\t\t\t<\/div>\n\t\t\t\t\t\t<\/div>\n\t\t\t\t\t<\/div>\n\t\t<\/div>\n\t\t\t\t\t\t\t\t<\/div>\n\t\t\t\t\t<\/div>\n\t\t<\/section>\n\t\t\t\t<section class=\"elementor-section elementor-top-section elementor-element elementor-element-2bf9a54 elementor-section-boxed elementor-section-height-default elementor-section-height-default parallax_section_no qode_elementor_container_no\" data-id=\"2bf9a54\" data-element_type=\"section\">\n\t\t\t\t\t\t<div class=\"elementor-container elementor-column-gap-default\">\n\t\t\t\t\t\t\t<div class=\"elementor-row\">\n\t\t\t\t\t<div class=\"elementor-column elementor-col-25 elementor-top-column elementor-element elementor-element-7592139\" data-id=\"7592139\" data-element_type=\"column\">\n\t\t\t<div class=\"elementor-column-wrap\">\n\t\t\t\t\t\t\t<div class=\"elementor-widget-wrap\">\n\t\t\t\t\t\t\t\t<\/div>\n\t\t\t\t\t<\/div>\n\t\t<\/div>\n\t\t\t\t<div class=\"elementor-column elementor-col-50 elementor-top-column elementor-element elementor-element-4a6d6e2\" data-id=\"4a6d6e2\" data-element_type=\"column\">\n\t\t\t<div class=\"elementor-column-wrap elementor-element-populated\">\n\t\t\t\t\t\t\t<div class=\"elementor-widget-wrap\">\n\t\t\t\t\t\t<div class=\"elementor-element elementor-element-2beb9a0 elementor-align-center elementor-widget elementor-widget-button\" data-id=\"2beb9a0\" data-element_type=\"widget\" data-widget_type=\"button.default\">\n\t\t\t\t<div class=\"elementor-widget-container\">\n\t\t\t\t\t<div class=\"elementor-button-wrapper\">\n\t\t\t<a href=\"https:\/\/groovit-dancestudio.com\/index.php\/laurent\/\" class=\"elementor-button-link elementor-button elementor-size-sm\" role=\"button\">\n\t\t\t\t\t\t<span class=\"elementor-button-content-wrapper\">\n\t\t\t\t\t\t<span class=\"elementor-button-text\">D\u00e9couvrez Laurent qui sera son partenaire<\/span>\n\t\t<\/span>\n\t\t\t\t\t<\/a>\n\t\t<\/div>\n\t\t\t\t<\/div>\n\t\t\t\t<\/div>\n\t\t\t\t<div class=\"elementor-element elementor-element-bef2176 elementor-widget elementor-widget-spacer\" data-id=\"bef2176\" data-element_type=\"widget\" data-widget_type=\"spacer.default\">\n\t\t\t\t<div class=\"elementor-widget-container\">\n\t\t\t\t\t<div class=\"elementor-spacer\">\n\t\t\t<div class=\"elementor-spacer-inner\"><\/div>\n\t\t<\/div>\n\t\t\t\t<\/div>\n\t\t\t\t<\/div>\n\t\t\t\t\t\t<\/div>\n\t\t\t\t\t<\/div>\n\t\t<\/div>\n\t\t\t\t<div class=\"elementor-column elementor-col-25 elementor-top-column elementor-element elementor-element-6307d0b\" data-id=\"6307d0b\" data-element_type=\"column\">\n\t\t\t<div class=\"elementor-column-wrap\">\n\t\t\t\t\t\t\t<div class=\"elementor-widget-wrap\">\n\t\t\t\t\t\t\t\t<\/div>\n\t\t\t\t\t<\/div>\n\t\t<\/div>\n\t\t\t\t\t\t\t\t<\/div>\n\t\t\t\t\t<\/div>\n\t\t<\/section>\n\t\t\t\t\t\t<\/div>\n\t\t\t\t\t\t<\/div>\n\t\t\t\t\t<\/div>\n\t\t","protected":false},"excerpt":{"rendered":"<p>Sol\u00e8ne enseigne le Blues depuis 3 ans au sein de l&#8217;\u00e9quipe Groov&#8217;it. Passionn\u00e9e de danse depuis son plus jeune \u00e2ge : Street danse, flamenco, oriental\u2026De par ces danses, lui viennent son groove et sa sensualit\u00e9. C&#8217;est en 2014, aux Etats-Unis que Sol\u00e8ne d\u00e9couvre le Lindy-hop&#8230;<\/p>\n","protected":false},"author":1,"featured_media":0,"parent":0,"menu_order":0,"comment_status":"closed","ping_status":"closed","template":"","meta":{"footnotes":""},"class_list":["post-967","page","type-page","status-publish","hentry"],"yoast_head":"<!-- This site is optimized with the Yoast SEO plugin v16.8 - https:\/\/yoast.com\/wordpress\/plugins\/seo\/ -->\n<title>Sol\u00e8ne &gt; Groovit Dance studio<\/title>\n<meta name=\"robots\" content=\"index, follow, max-snippet:-1, max-image-preview:large, max-video-preview:-1\" \/>\n<link rel=\"canonical\" href=\"https:\/\/groovit-dancestudio.com\/index.php\/solene\/\" \/>\n<meta property=\"og:locale\" content=\"en_US\" \/>\n<meta property=\"og:type\" content=\"article\" \/>\n<meta property=\"og:title\" content=\"Sol\u00e8ne &gt; Groovit Dance studio\" \/>\n<meta property=\"og:description\" content=\"Sol\u00e8ne enseigne le Blues depuis 3 ans au sein de l&#8217;\u00e9quipe Groov&#8217;it. Passionn\u00e9e de danse depuis son plus jeune \u00e2ge : Street danse, flamenco, oriental\u2026De par ces danses, lui viennent son groove et sa sensualit\u00e9. C&#8217;est en 2014, aux Etats-Unis que Sol\u00e8ne d\u00e9couvre le Lindy-hop...\" \/>\n<meta property=\"og:url\" content=\"https:\/\/groovit-dancestudio.com\/index.php\/solene\/\" \/>\n<meta property=\"og:site_name\" content=\"Groovit Dance studio\" \/>\n<meta property=\"article:publisher\" content=\"https:\/\/www.facebook.com\/dancestudiogroovit\" \/>\n<meta property=\"article:modified_time\" content=\"2023-06-08T15:35:29+00:00\" \/>\n<meta name=\"twitter:card\" content=\"summary_large_image\" \/>\n<meta name=\"twitter:label1\" content=\"Est. reading time\" \/>\n\t<meta name=\"twitter:data1\" content=\"1 minute\" \/>\n<script type=\"application\/ld+json\" class=\"yoast-schema-graph\">{\"@context\":\"https:\/\/schema.org\",\"@graph\":[{\"@type\":\"Organization\",\"@id\":\"https:\/\/groovit-dancestudio.com\/#organization\",\"name\":\"Groov'it Dance Studio\",\"url\":\"https:\/\/groovit-dancestudio.com\/\",\"sameAs\":[\"https:\/\/www.facebook.com\/dancestudiogroovit\",\"https:\/\/www.instagram.com\/groovit_dancestudio\/?hl=fr\"],\"logo\":{\"@type\":\"ImageObject\",\"@id\":\"https:\/\/groovit-dancestudio.com\/#logo\",\"inLanguage\":\"en-US\",\"url\":\"https:\/\/groovit-dancestudio.com\/wp-content\/uploads\/2020\/07\/logo_bordeaux.png\",\"contentUrl\":\"https:\/\/groovit-dancestudio.com\/wp-content\/uploads\/2020\/07\/logo_bordeaux.png\",\"width\":572,\"height\":577,\"caption\":\"Groov'it Dance Studio\"},\"image\":{\"@id\":\"https:\/\/groovit-dancestudio.com\/#logo\"}},{\"@type\":\"WebSite\",\"@id\":\"https:\/\/groovit-dancestudio.com\/#website\",\"url\":\"https:\/\/groovit-dancestudio.com\/\",\"name\":\"Groovit Dance studio\",\"description\":\"Premi\\u00e8re \\u00e9cole de danse blues et swing \\u00e0 Paris et Montreuil\",\"publisher\":{\"@id\":\"https:\/\/groovit-dancestudio.com\/#organization\"},\"potentialAction\":[{\"@type\":\"SearchAction\",\"target\":{\"@type\":\"EntryPoint\",\"urlTemplate\":\"https:\/\/groovit-dancestudio.com\/?s={search_term_string}\"},\"query-input\":\"required name=search_term_string\"}],\"inLanguage\":\"en-US\"},{\"@type\":\"WebPage\",\"@id\":\"https:\/\/groovit-dancestudio.com\/index.php\/solene\/#webpage\",\"url\":\"https:\/\/groovit-dancestudio.com\/index.php\/solene\/\",\"name\":\"Sol\\u00e8ne &gt; Groovit Dance studio\",\"isPartOf\":{\"@id\":\"https:\/\/groovit-dancestudio.com\/#website\"},\"datePublished\":\"2021-07-01T22:26:17+00:00\",\"dateModified\":\"2023-06-08T15:35:29+00:00\",\"breadcrumb\":{\"@id\":\"https:\/\/groovit-dancestudio.com\/index.php\/solene\/#breadcrumb\"},\"inLanguage\":\"en-US\",\"potentialAction\":[{\"@type\":\"ReadAction\",\"target\":[\"https:\/\/groovit-dancestudio.com\/index.php\/solene\/\"]}]},{\"@type\":\"BreadcrumbList\",\"@id\":\"https:\/\/groovit-dancestudio.com\/index.php\/solene\/#breadcrumb\",\"itemListElement\":[{\"@type\":\"ListItem\",\"position\":1,\"name\":\"Home\",\"item\":\"https:\/\/groovit-dancestudio.com\/\"},{\"@type\":\"ListItem\",\"position\":2,\"name\":\"Sol\\u00e8ne\"}]}]}<\/script>\n<!-- \/ Yoast SEO plugin. -->","yoast_head_json":{"title":"Sol\u00e8ne &gt; Groovit Dance studio","robots":{"index":"index","follow":"follow","max-snippet":"max-snippet:-1","max-image-preview":"max-image-preview:large","max-video-preview":"max-video-preview:-1"},"canonical":"https:\/\/groovit-dancestudio.com\/index.php\/solene\/","og_locale":"en_US","og_type":"article","og_title":"Sol\u00e8ne &gt; Groovit Dance studio","og_description":"Sol\u00e8ne enseigne le Blues depuis 3 ans au sein de l&#8217;\u00e9quipe Groov&#8217;it. Passionn\u00e9e de danse depuis son plus jeune \u00e2ge : Street danse, flamenco, oriental\u2026De par ces danses, lui viennent son groove et sa sensualit\u00e9. C&#8217;est en 2014, aux Etats-Unis que Sol\u00e8ne d\u00e9couvre le Lindy-hop...","og_url":"https:\/\/groovit-dancestudio.com\/index.php\/solene\/","og_site_name":"Groovit Dance studio","article_publisher":"https:\/\/www.facebook.com\/dancestudiogroovit","article_modified_time":"2023-06-08T15:35:29+00:00","twitter_card":"summary_large_image","twitter_misc":{"Est. reading time":"1 minute"},"schema":{"@context":"https:\/\/schema.org","@graph":[{"@type":"Organization","@id":"https:\/\/groovit-dancestudio.com\/#organization","name":"Groov'it Dance Studio","url":"https:\/\/groovit-dancestudio.com\/","sameAs":["https:\/\/www.facebook.com\/dancestudiogroovit","https:\/\/www.instagram.com\/groovit_dancestudio\/?hl=fr"],"logo":{"@type":"ImageObject","@id":"https:\/\/groovit-dancestudio.com\/#logo","inLanguage":"en-US","url":"https:\/\/groovit-dancestudio.com\/wp-content\/uploads\/2020\/07\/logo_bordeaux.png","contentUrl":"https:\/\/groovit-dancestudio.com\/wp-content\/uploads\/2020\/07\/logo_bordeaux.png","width":572,"height":577,"caption":"Groov'it Dance Studio"},"image":{"@id":"https:\/\/groovit-dancestudio.com\/#logo"}},{"@type":"WebSite","@id":"https:\/\/groovit-dancestudio.com\/#website","url":"https:\/\/groovit-dancestudio.com\/","name":"Groovit Dance studio","description":"Premi\u00e8re \u00e9cole de danse blues et swing \u00e0 Paris et Montreuil","publisher":{"@id":"https:\/\/groovit-dancestudio.com\/#organization"},"potentialAction":[{"@type":"SearchAction","target":{"@type":"EntryPoint","urlTemplate":"https:\/\/groovit-dancestudio.com\/?s={search_term_string}"},"query-input":"required name=search_term_string"}],"inLanguage":"en-US"},{"@type":"WebPage","@id":"https:\/\/groovit-dancestudio.com\/index.php\/solene\/#webpage","url":"https:\/\/groovit-dancestudio.com\/index.php\/solene\/","name":"Sol\u00e8ne &gt; Groovit Dance studio","isPartOf":{"@id":"https:\/\/groovit-dancestudio.com\/#website"},"datePublished":"2021-07-01T22:26:17+00:00","dateModified":"2023-06-08T15:35:29+00:00","breadcrumb":{"@id":"https:\/\/groovit-dancestudio.com\/index.php\/solene\/#breadcrumb"},"inLanguage":"en-US","potentialAction":[{"@type":"ReadAction","target":["https:\/\/groovit-dancestudio.com\/index.php\/solene\/"]}]},{"@type":"BreadcrumbList","@id":"https:\/\/groovit-dancestudio.com\/index.php\/solene\/#breadcrumb","itemListElement":[{"@type":"ListItem","position":1,"name":"Home","item":"https:\/\/groovit-dancestudio.com\/"},{"@type":"ListItem","position":2,"name":"Sol\u00e8ne"}]}]}},"_links":{"self":[{"href":"https:\/\/groovit-dancestudio.com\/index.php\/wp-json\/wp\/v2\/pages\/967","targetHints":{"allow":["GET"]}}],"collection":[{"href":"https:\/\/groovit-dancestudio.com\/index.php\/wp-json\/wp\/v2\/pages"}],"about":[{"href":"https:\/\/groovit-dancestudio.com\/index.php\/wp-json\/wp\/v2\/types\/page"}],"author":[{"embeddable":true,"href":"https:\/\/groovit-dancestudio.com\/index.php\/wp-json\/wp\/v2\/users\/1"}],"replies":[{"embeddable":true,"href":"https:\/\/groovit-dancestudio.com\/index.php\/wp-json\/wp\/v2\/comments?post=967"}],"version-history":[{"count":7,"href":"https:\/\/groovit-dancestudio.com\/index.php\/wp-json\/wp\/v2\/pages\/967\/revisions"}],"predecessor-version":[{"id":1816,"href":"https:\/\/groovit-dancestudio.com\/index.php\/wp-json\/wp\/v2\/pages\/967\/revisions\/1816"}],"wp:attachment":[{"href":"https:\/\/groovit-dancestudio.com\/index.php\/wp-json\/wp\/v2\/media?parent=967"}],"curies":[{"name":"wp","href":"https:\/\/api.w.org\/{rel}","templated":true}]}}