{"id":546,"date":"2020-07-04T20:03:21","date_gmt":"2020-07-04T18:03:21","guid":{"rendered":"http:\/\/groovit-dancestudio.com\/?page_id=546"},"modified":"2020-07-16T14:01:34","modified_gmt":"2020-07-16T12:01:34","slug":"contact-2","status":"publish","type":"page","link":"https:\/\/groovit-dancestudio.com\/index.php\/contact-2\/","title":{"rendered":"Contact"},"content":{"rendered":"\t\t<div data-elementor-type=\"wp-page\" data-elementor-id=\"546\" class=\"elementor elementor-546\" data-elementor-settings=\"[]\">\n\t\t\t\t\t\t<div class=\"elementor-inner\">\n\t\t\t\t\t\t\t<div class=\"elementor-section-wrap\">\n\t\t\t\t\t\t\t<section class=\"elementor-section elementor-top-section elementor-element elementor-element-094d1df elementor-section-boxed elementor-section-height-default elementor-section-height-default parallax_section_no qode_elementor_container_no\" data-id=\"094d1df\" data-element_type=\"section\">\n\t\t\t\t\t\t<div class=\"elementor-container elementor-column-gap-default\">\n\t\t\t\t\t\t\t<div class=\"elementor-row\">\n\t\t\t\t\t<div class=\"elementor-column elementor-col-100 elementor-top-column elementor-element elementor-element-5ad0053\" data-id=\"5ad0053\" data-element_type=\"column\">\n\t\t\t<div class=\"elementor-column-wrap elementor-element-populated\">\n\t\t\t\t\t\t\t<div class=\"elementor-widget-wrap\">\n\t\t\t\t\t\t<div class=\"elementor-element elementor-element-513350a elementor-widget elementor-widget-spacer\" data-id=\"513350a\" data-element_type=\"widget\" data-widget_type=\"spacer.default\">\n\t\t\t\t<div class=\"elementor-widget-container\">\n\t\t\t\t\t<div class=\"elementor-spacer\">\n\t\t\t<div class=\"elementor-spacer-inner\"><\/div>\n\t\t<\/div>\n\t\t\t\t<\/div>\n\t\t\t\t<\/div>\n\t\t\t\t\t\t<\/div>\n\t\t\t\t\t<\/div>\n\t\t<\/div>\n\t\t\t\t\t\t\t\t<\/div>\n\t\t\t\t\t<\/div>\n\t\t<\/section>\n\t\t\t\t<section class=\"elementor-section elementor-top-section elementor-element elementor-element-36981f8 elementor-section-boxed elementor-section-height-default elementor-section-height-default parallax_section_no qode_elementor_container_no\" data-id=\"36981f8\" data-element_type=\"section\">\n\t\t\t\t\t\t<div class=\"elementor-container elementor-column-gap-default\">\n\t\t\t\t\t\t\t<div class=\"elementor-row\">\n\t\t\t\t\t<div class=\"elementor-column elementor-col-25 elementor-top-column elementor-element elementor-element-6524899\" data-id=\"6524899\" data-element_type=\"column\">\n\t\t\t<div class=\"elementor-column-wrap\">\n\t\t\t\t\t\t\t<div class=\"elementor-widget-wrap\">\n\t\t\t\t\t\t\t\t<\/div>\n\t\t\t\t\t<\/div>\n\t\t<\/div>\n\t\t\t\t<div class=\"elementor-column elementor-col-50 elementor-top-column elementor-element elementor-element-60077a6\" data-id=\"60077a6\" data-element_type=\"column\">\n\t\t\t<div class=\"elementor-column-wrap elementor-element-populated\">\n\t\t\t\t\t\t\t<div class=\"elementor-widget-wrap\">\n\t\t\t\t\t\t<div class=\"elementor-element elementor-element-621776c elementor-widget elementor-widget-text-editor\" data-id=\"621776c\" data-element_type=\"widget\" data-widget_type=\"text-editor.default\">\n\t\t\t\t<div class=\"elementor-widget-container\">\n\t\t\t\t\t\t\t\t<div class=\"elementor-text-editor elementor-clearfix\">\n\t\t\t\t\t<p style=\"text-align: justify;\">Une question sur Groov&#8217;it, les cours de danse que nous proposons ou nos \u00e9v\u00e8nements ? N&#8217;h\u00e9sitez pas \u00e0 nous contacter par mail ou via nos r\u00e9seaux sociaux. Nous nous ferons un plaisir de vous r\u00e9pondre au plus vite.<br>\n\u00c9CRIVEZ-NOUS : <strong>groovit.dancestudio@gmail.com<\/strong><\/p>\t\t\t\t\t<\/div>\n\t\t\t\t\t\t<\/div>\n\t\t\t\t<\/div>\n\t\t\t\t<div class=\"elementor-element elementor-element-a10b570 elementor-widget elementor-widget-spacer\" data-id=\"a10b570\" data-element_type=\"widget\" data-widget_type=\"spacer.default\">\n\t\t\t\t<div class=\"elementor-widget-container\">\n\t\t\t\t\t<div class=\"elementor-spacer\">\n\t\t\t<div class=\"elementor-spacer-inner\"><\/div>\n\t\t<\/div>\n\t\t\t\t<\/div>\n\t\t\t\t<\/div>\n\t\t\t\t\t\t<\/div>\n\t\t\t\t\t<\/div>\n\t\t<\/div>\n\t\t\t\t<div class=\"elementor-column elementor-col-25 elementor-top-column elementor-element elementor-element-ac21255\" data-id=\"ac21255\" data-element_type=\"column\">\n\t\t\t<div class=\"elementor-column-wrap\">\n\t\t\t\t\t\t\t<div class=\"elementor-widget-wrap\">\n\t\t\t\t\t\t\t\t<\/div>\n\t\t\t\t\t<\/div>\n\t\t<\/div>\n\t\t\t\t\t\t\t\t<\/div>\n\t\t\t\t\t<\/div>\n\t\t<\/section>\n\t\t\t\t\t\t<\/div>\n\t\t\t\t\t\t<\/div>\n\t\t\t\t\t<\/div>\n\t\t","protected":false},"excerpt":{"rendered":"<p>Une question sur Groov&#8217;it, les cours de danse que nous proposons ou nos \u00e9v\u00e8nements ? N&#8217;h\u00e9sitez pas \u00e0 nous contacter par mail ou via nos r\u00e9seaux sociaux. Nous nous ferons un plaisir de vous r\u00e9pondre au plus vite. \u00c9CRIVEZ-NOUS : groovit.dancestudio@gmail.com<\/p>\n","protected":false},"author":1,"featured_media":0,"parent":0,"menu_order":0,"comment_status":"closed","ping_status":"closed","template":"","meta":{"footnotes":""},"class_list":["post-546","page","type-page","status-publish","hentry"],"yoast_head":"<!-- This site is optimized with the Yoast SEO plugin v16.8 - https:\/\/yoast.com\/wordpress\/plugins\/seo\/ -->\n<title>Contact &gt; Groovit Dance studio<\/title>\n<meta name=\"robots\" content=\"index, follow, max-snippet:-1, max-image-preview:large, max-video-preview:-1\" \/>\n<link rel=\"canonical\" href=\"http:\/\/groovit-dancestudio.com\/index.php\/contact-2\/\" \/>\n<meta property=\"og:locale\" content=\"en_US\" \/>\n<meta property=\"og:type\" content=\"article\" \/>\n<meta property=\"og:title\" content=\"Contact &gt; Groovit Dance studio\" \/>\n<meta property=\"og:description\" content=\"Une question sur Groov&#8217;it, les cours de danse que nous proposons ou nos \u00e9v\u00e8nements ? N&#8217;h\u00e9sitez pas \u00e0 nous contacter par mail ou via nos r\u00e9seaux sociaux. Nous nous ferons un plaisir de vous r\u00e9pondre au plus vite. \u00c9CRIVEZ-NOUS : groovit.dancestudio@gmail.com\" \/>\n<meta property=\"og:url\" content=\"http:\/\/groovit-dancestudio.com\/index.php\/contact-2\/\" \/>\n<meta property=\"og:site_name\" content=\"Groovit Dance studio\" \/>\n<meta property=\"article:publisher\" content=\"https:\/\/www.facebook.com\/dancestudiogroovit\" \/>\n<meta property=\"article:modified_time\" content=\"2020-07-16T12:01:34+00:00\" \/>\n<meta name=\"twitter:card\" content=\"summary_large_image\" \/>\n<script type=\"application\/ld+json\" class=\"yoast-schema-graph\">{\"@context\":\"https:\/\/schema.org\",\"@graph\":[{\"@type\":\"Organization\",\"@id\":\"https:\/\/groovit-dancestudio.com\/#organization\",\"name\":\"Groov'it Dance Studio\",\"url\":\"https:\/\/groovit-dancestudio.com\/\",\"sameAs\":[\"https:\/\/www.facebook.com\/dancestudiogroovit\",\"https:\/\/www.instagram.com\/groovit_dancestudio\/?hl=fr\"],\"logo\":{\"@type\":\"ImageObject\",\"@id\":\"https:\/\/groovit-dancestudio.com\/#logo\",\"inLanguage\":\"en-US\",\"url\":\"https:\/\/groovit-dancestudio.com\/wp-content\/uploads\/2020\/07\/logo_bordeaux.png\",\"contentUrl\":\"https:\/\/groovit-dancestudio.com\/wp-content\/uploads\/2020\/07\/logo_bordeaux.png\",\"width\":572,\"height\":577,\"caption\":\"Groov'it Dance Studio\"},\"image\":{\"@id\":\"https:\/\/groovit-dancestudio.com\/#logo\"}},{\"@type\":\"WebSite\",\"@id\":\"https:\/\/groovit-dancestudio.com\/#website\",\"url\":\"https:\/\/groovit-dancestudio.com\/\",\"name\":\"Groovit Dance studio\",\"description\":\"Premi\\u00e8re \\u00e9cole de danse blues et swing \\u00e0 Paris et Montreuil\",\"publisher\":{\"@id\":\"https:\/\/groovit-dancestudio.com\/#organization\"},\"potentialAction\":[{\"@type\":\"SearchAction\",\"target\":{\"@type\":\"EntryPoint\",\"urlTemplate\":\"https:\/\/groovit-dancestudio.com\/?s={search_term_string}\"},\"query-input\":\"required name=search_term_string\"}],\"inLanguage\":\"en-US\"},{\"@type\":\"WebPage\",\"@id\":\"http:\/\/groovit-dancestudio.com\/index.php\/contact-2\/#webpage\",\"url\":\"http:\/\/groovit-dancestudio.com\/index.php\/contact-2\/\",\"name\":\"Contact &gt; Groovit Dance studio\",\"isPartOf\":{\"@id\":\"https:\/\/groovit-dancestudio.com\/#website\"},\"datePublished\":\"2020-07-04T18:03:21+00:00\",\"dateModified\":\"2020-07-16T12:01:34+00:00\",\"breadcrumb\":{\"@id\":\"http:\/\/groovit-dancestudio.com\/index.php\/contact-2\/#breadcrumb\"},\"inLanguage\":\"en-US\",\"potentialAction\":[{\"@type\":\"ReadAction\",\"target\":[\"http:\/\/groovit-dancestudio.com\/index.php\/contact-2\/\"]}]},{\"@type\":\"BreadcrumbList\",\"@id\":\"http:\/\/groovit-dancestudio.com\/index.php\/contact-2\/#breadcrumb\",\"itemListElement\":[{\"@type\":\"ListItem\",\"position\":1,\"name\":\"Home\",\"item\":\"https:\/\/groovit-dancestudio.com\/\"},{\"@type\":\"ListItem\",\"position\":2,\"name\":\"Contact\"}]}]}<\/script>\n<!-- \/ Yoast SEO plugin. -->","yoast_head_json":{"title":"Contact &gt; Groovit Dance studio","robots":{"index":"index","follow":"follow","max-snippet":"max-snippet:-1","max-image-preview":"max-image-preview:large","max-video-preview":"max-video-preview:-1"},"canonical":"http:\/\/groovit-dancestudio.com\/index.php\/contact-2\/","og_locale":"en_US","og_type":"article","og_title":"Contact &gt; Groovit Dance studio","og_description":"Une question sur Groov&#8217;it, les cours de danse que nous proposons ou nos \u00e9v\u00e8nements ? N&#8217;h\u00e9sitez pas \u00e0 nous contacter par mail ou via nos r\u00e9seaux sociaux. Nous nous ferons un plaisir de vous r\u00e9pondre au plus vite. \u00c9CRIVEZ-NOUS : groovit.dancestudio@gmail.com","og_url":"http:\/\/groovit-dancestudio.com\/index.php\/contact-2\/","og_site_name":"Groovit Dance studio","article_publisher":"https:\/\/www.facebook.com\/dancestudiogroovit","article_modified_time":"2020-07-16T12:01:34+00:00","twitter_card":"summary_large_image","schema":{"@context":"https:\/\/schema.org","@graph":[{"@type":"Organization","@id":"https:\/\/groovit-dancestudio.com\/#organization","name":"Groov'it Dance Studio","url":"https:\/\/groovit-dancestudio.com\/","sameAs":["https:\/\/www.facebook.com\/dancestudiogroovit","https:\/\/www.instagram.com\/groovit_dancestudio\/?hl=fr"],"logo":{"@type":"ImageObject","@id":"https:\/\/groovit-dancestudio.com\/#logo","inLanguage":"en-US","url":"https:\/\/groovit-dancestudio.com\/wp-content\/uploads\/2020\/07\/logo_bordeaux.png","contentUrl":"https:\/\/groovit-dancestudio.com\/wp-content\/uploads\/2020\/07\/logo_bordeaux.png","width":572,"height":577,"caption":"Groov'it Dance Studio"},"image":{"@id":"https:\/\/groovit-dancestudio.com\/#logo"}},{"@type":"WebSite","@id":"https:\/\/groovit-dancestudio.com\/#website","url":"https:\/\/groovit-dancestudio.com\/","name":"Groovit Dance studio","description":"Premi\u00e8re \u00e9cole de danse blues et swing \u00e0 Paris et Montreuil","publisher":{"@id":"https:\/\/groovit-dancestudio.com\/#organization"},"potentialAction":[{"@type":"SearchAction","target":{"@type":"EntryPoint","urlTemplate":"https:\/\/groovit-dancestudio.com\/?s={search_term_string}"},"query-input":"required name=search_term_string"}],"inLanguage":"en-US"},{"@type":"WebPage","@id":"http:\/\/groovit-dancestudio.com\/index.php\/contact-2\/#webpage","url":"http:\/\/groovit-dancestudio.com\/index.php\/contact-2\/","name":"Contact &gt; Groovit Dance studio","isPartOf":{"@id":"https:\/\/groovit-dancestudio.com\/#website"},"datePublished":"2020-07-04T18:03:21+00:00","dateModified":"2020-07-16T12:01:34+00:00","breadcrumb":{"@id":"http:\/\/groovit-dancestudio.com\/index.php\/contact-2\/#breadcrumb"},"inLanguage":"en-US","potentialAction":[{"@type":"ReadAction","target":["http:\/\/groovit-dancestudio.com\/index.php\/contact-2\/"]}]},{"@type":"BreadcrumbList","@id":"http:\/\/groovit-dancestudio.com\/index.php\/contact-2\/#breadcrumb","itemListElement":[{"@type":"ListItem","position":1,"name":"Home","item":"https:\/\/groovit-dancestudio.com\/"},{"@type":"ListItem","position":2,"name":"Contact"}]}]}},"_links":{"self":[{"href":"https:\/\/groovit-dancestudio.com\/index.php\/wp-json\/wp\/v2\/pages\/546","targetHints":{"allow":["GET"]}}],"collection":[{"href":"https:\/\/groovit-dancestudio.com\/index.php\/wp-json\/wp\/v2\/pages"}],"about":[{"href":"https:\/\/groovit-dancestudio.com\/index.php\/wp-json\/wp\/v2\/types\/page"}],"author":[{"embeddable":true,"href":"https:\/\/groovit-dancestudio.com\/index.php\/wp-json\/wp\/v2\/users\/1"}],"replies":[{"embeddable":true,"href":"https:\/\/groovit-dancestudio.com\/index.php\/wp-json\/wp\/v2\/comments?post=546"}],"version-history":[{"count":0,"href":"https:\/\/groovit-dancestudio.com\/index.php\/wp-json\/wp\/v2\/pages\/546\/revisions"}],"wp:attachment":[{"href":"https:\/\/groovit-dancestudio.com\/index.php\/wp-json\/wp\/v2\/media?parent=546"}],"curies":[{"name":"wp","href":"https:\/\/api.w.org\/{rel}","templated":true}]}}