{"id":1629,"date":"2023-06-05T16:22:49","date_gmt":"2023-06-05T14:22:49","guid":{"rendered":"https:\/\/groovit-dancestudio.com\/?page_id=1629"},"modified":"2023-06-06T17:57:28","modified_gmt":"2023-06-06T15:57:28","slug":"cecile-professeur-lindy-hop","status":"publish","type":"page","link":"https:\/\/groovit-dancestudio.com\/index.php\/cecile-professeur-lindy-hop\/","title":{"rendered":"C\u00e9cile"},"content":{"rendered":"\t\t<div data-elementor-type=\"wp-page\" data-elementor-id=\"1629\" class=\"elementor elementor-1629\" data-elementor-settings=\"[]\">\n\t\t\t\t\t\t<div class=\"elementor-inner\">\n\t\t\t\t\t\t\t<div class=\"elementor-section-wrap\">\n\t\t\t\t\t\t\t<section class=\"elementor-section elementor-top-section elementor-element elementor-element-67407b67 elementor-section-boxed elementor-section-height-default elementor-section-height-default parallax_section_no qode_elementor_container_no\" data-id=\"67407b67\" data-element_type=\"section\">\n\t\t\t\t\t\t<div class=\"elementor-container elementor-column-gap-default\">\n\t\t\t\t\t\t\t<div class=\"elementor-row\">\n\t\t\t\t\t<div class=\"elementor-column elementor-col-100 elementor-top-column elementor-element elementor-element-5b305ad7\" data-id=\"5b305ad7\" data-element_type=\"column\">\n\t\t\t<div class=\"elementor-column-wrap elementor-element-populated\">\n\t\t\t\t\t\t\t<div class=\"elementor-widget-wrap\">\n\t\t\t\t\t\t<div class=\"elementor-element elementor-element-6215417a elementor-widget elementor-widget-spacer\" data-id=\"6215417a\" data-element_type=\"widget\" data-widget_type=\"spacer.default\">\n\t\t\t\t<div class=\"elementor-widget-container\">\n\t\t\t\t\t<div class=\"elementor-spacer\">\n\t\t\t<div class=\"elementor-spacer-inner\"><\/div>\n\t\t<\/div>\n\t\t\t\t<\/div>\n\t\t\t\t<\/div>\n\t\t\t\t<div class=\"elementor-element elementor-element-4e55406f elementor-aspect-ratio-169 elementor-widget elementor-widget-video\" data-id=\"4e55406f\" data-element_type=\"widget\" data-settings=\"{&quot;youtube_url&quot;:&quot;https:\\\/\\\/youtu.be\\\/5-1YvO-NOLo&quot;,&quot;video_type&quot;:&quot;youtube&quot;,&quot;controls&quot;:&quot;yes&quot;,&quot;aspect_ratio&quot;:&quot;169&quot;}\" data-widget_type=\"video.default\">\n\t\t\t\t<div class=\"elementor-widget-container\">\n\t\t\t\t\t<div class=\"elementor-wrapper elementor-fit-aspect-ratio elementor-open-inline\">\n\t\t\t<div class=\"elementor-video\"><\/div>\t\t<\/div>\n\t\t\t\t<\/div>\n\t\t\t\t<\/div>\n\t\t\t\t<div class=\"elementor-element elementor-element-322c21f3 elementor-widget elementor-widget-spacer\" data-id=\"322c21f3\" data-element_type=\"widget\" data-widget_type=\"spacer.default\">\n\t\t\t\t<div class=\"elementor-widget-container\">\n\t\t\t\t\t<div class=\"elementor-spacer\">\n\t\t\t<div class=\"elementor-spacer-inner\"><\/div>\n\t\t<\/div>\n\t\t\t\t<\/div>\n\t\t\t\t<\/div>\n\t\t\t\t\t\t<\/div>\n\t\t\t\t\t<\/div>\n\t\t<\/div>\n\t\t\t\t\t\t\t\t<\/div>\n\t\t\t\t\t<\/div>\n\t\t<\/section>\n\t\t\t\t<section class=\"elementor-section elementor-top-section elementor-element elementor-element-17025805 elementor-section-content-top elementor-section-boxed elementor-section-height-default elementor-section-height-default parallax_section_no qode_elementor_container_no\" data-id=\"17025805\" data-element_type=\"section\">\n\t\t\t\t\t\t<div class=\"elementor-container elementor-column-gap-default\">\n\t\t\t\t\t\t\t<div class=\"elementor-row\">\n\t\t\t\t\t<div class=\"elementor-column elementor-col-50 elementor-top-column elementor-element elementor-element-252bbe09\" data-id=\"252bbe09\" data-element_type=\"column\">\n\t\t\t<div class=\"elementor-column-wrap elementor-element-populated\">\n\t\t\t\t\t\t\t<div class=\"elementor-widget-wrap\">\n\t\t\t\t\t\t<div class=\"elementor-element elementor-element-1e43f52f elementor-widget elementor-widget-text-editor\" data-id=\"1e43f52f\" data-element_type=\"widget\" data-widget_type=\"text-editor.default\">\n\t\t\t\t<div class=\"elementor-widget-container\">\n\t\t\t\t\t\t\t\t<div class=\"elementor-text-editor elementor-clearfix\">\n\t\t\t\t\t<p style=\"text-align: justify;\">C\u00e9cile rejoint cette ann\u00e9e l&#8217;\u00e9quipe Groov&#8217;it, pour y enseigner le Lindy-hop. C&#8217;est sa passion pour la danse qu&#8217;elle saura partager sous toutes ses formes ! Avec 20 ans de pratique de formation classique et 7 ans de danse contemporaine, c&#8217;est lors d&#8217;un bal de swing en ext\u00e9rieur qu&#8217;elle d\u00e9couvre le Swing. Depuis, cette exp\u00e9rience de danse sociale a fait na\u00eetre chez elle une vraie fascination et deviendra m\u00eame sa vision de cette danse: pour elle, le Lindy-hop r\u00e9side dans le partage d&#8217;un moment musical avec l&#8217;autre.<\/span>\t\t\t\t\t<\/div>\n\t\t\t\t\t\t<\/div>\n\t\t\t\t<\/div>\n\t\t\t\t\t\t<\/div>\n\t\t\t\t\t<\/div>\n\t\t<\/div>\n\t\t\t\t<div class=\"elementor-column elementor-col-50 elementor-top-column elementor-element elementor-element-412b4253\" data-id=\"412b4253\" data-element_type=\"column\">\n\t\t\t<div class=\"elementor-column-wrap elementor-element-populated\">\n\t\t\t\t\t\t\t<div class=\"elementor-widget-wrap\">\n\t\t\t\t\t\t<div class=\"elementor-element elementor-element-210cee00 elementor-widget elementor-widget-text-editor\" data-id=\"210cee00\" data-element_type=\"widget\" data-widget_type=\"text-editor.default\">\n\t\t\t\t<div class=\"elementor-widget-container\">\n\t\t\t\t\t\t\t\t<div class=\"elementor-text-editor elementor-clearfix\">\n\t\t\t\t\t<p style=\"text-align: justify;\">Apprendre le Lindy-hop avec C\u00e9cile, c&#8217;est une garantie d&#8217;aborder la danse dans sa dimension sociale en connexion avec l&#8217;autre. En cours, C\u00e9cile saura \u00e9galement vous partager ses bons conseils sur la conscientisation du mouvement et tout \u00e7a avec le sourire et m\u00eame quelques blagues (oui parce qu&#8217;on est des fifous chez Groov&#8217;it).<\/p><p style=\"text-align: justify;\">La danse id\u00e9ale pour C\u00e9cile ? Swinguer sur &#8220;<em>Love me or Leave&#8221;<\/em> de Nina Simone avec sa grand-m\u00e8re pour de super fous-rire \u00e0 Quimper !<\/p>\t\t\t\t\t<\/div>\n\t\t\t\t\t\t<\/div>\n\t\t\t\t<\/div>\n\t\t\t\t\t\t<\/div>\n\t\t\t\t\t<\/div>\n\t\t<\/div>\n\t\t\t\t\t\t\t\t<\/div>\n\t\t\t\t\t<\/div>\n\t\t<\/section>\n\t\t\t\t<section class=\"elementor-section elementor-top-section elementor-element elementor-element-4e98a6b1 elementor-section-boxed elementor-section-height-default elementor-section-height-default parallax_section_no qode_elementor_container_no\" data-id=\"4e98a6b1\" data-element_type=\"section\">\n\t\t\t\t\t\t<div class=\"elementor-container elementor-column-gap-default\">\n\t\t\t\t\t\t\t<div class=\"elementor-row\">\n\t\t\t\t\t<div class=\"elementor-column elementor-col-100 elementor-top-column elementor-element elementor-element-27d0ff10\" data-id=\"27d0ff10\" data-element_type=\"column\">\n\t\t\t<div class=\"elementor-column-wrap elementor-element-populated\">\n\t\t\t\t\t\t\t<div class=\"elementor-widget-wrap\">\n\t\t\t\t\t\t<div class=\"elementor-element elementor-element-7b08f5b9 elementor-widget elementor-widget-spacer\" data-id=\"7b08f5b9\" data-element_type=\"widget\" data-widget_type=\"spacer.default\">\n\t\t\t\t<div class=\"elementor-widget-container\">\n\t\t\t\t\t<div class=\"elementor-spacer\">\n\t\t\t<div class=\"elementor-spacer-inner\"><\/div>\n\t\t<\/div>\n\t\t\t\t<\/div>\n\t\t\t\t<\/div>\n\t\t\t\t<div class=\"elementor-element elementor-element-78c7a43d elementor-widget-divider--view-line elementor-widget elementor-widget-divider\" data-id=\"78c7a43d\" data-element_type=\"widget\" data-widget_type=\"divider.default\">\n\t\t\t\t<div class=\"elementor-widget-container\">\n\t\t\t\t\t<div class=\"elementor-divider\">\n\t\t\t<span class=\"elementor-divider-separator\">\n\t\t\t\t\t\t<\/span>\n\t\t<\/div>\n\t\t\t\t<\/div>\n\t\t\t\t<\/div>\n\t\t\t\t\t\t<\/div>\n\t\t\t\t\t<\/div>\n\t\t<\/div>\n\t\t\t\t\t\t\t\t<\/div>\n\t\t\t\t\t<\/div>\n\t\t<\/section>\n\t\t\t\t<section class=\"elementor-section elementor-top-section elementor-element elementor-element-225e1574 elementor-section-boxed elementor-section-height-default elementor-section-height-default parallax_section_no qode_elementor_container_no\" data-id=\"225e1574\" data-element_type=\"section\">\n\t\t\t\t\t\t<div class=\"elementor-container elementor-column-gap-default\">\n\t\t\t\t\t\t\t<div class=\"elementor-row\">\n\t\t\t\t\t<div class=\"elementor-column elementor-col-25 elementor-top-column elementor-element elementor-element-6afd50fa\" data-id=\"6afd50fa\" data-element_type=\"column\">\n\t\t\t<div class=\"elementor-column-wrap\">\n\t\t\t\t\t\t\t<div class=\"elementor-widget-wrap\">\n\t\t\t\t\t\t\t\t<\/div>\n\t\t\t\t\t<\/div>\n\t\t<\/div>\n\t\t\t\t<div class=\"elementor-column elementor-col-50 elementor-top-column elementor-element elementor-element-407b3e51\" data-id=\"407b3e51\" data-element_type=\"column\">\n\t\t\t<div class=\"elementor-column-wrap elementor-element-populated\">\n\t\t\t\t\t\t\t<div class=\"elementor-widget-wrap\">\n\t\t\t\t\t\t<div class=\"elementor-element elementor-element-9b778ba elementor-align-center elementor-widget elementor-widget-button\" data-id=\"9b778ba\" data-element_type=\"widget\" data-widget_type=\"button.default\">\n\t\t\t\t<div class=\"elementor-widget-container\">\n\t\t\t\t\t<div class=\"elementor-button-wrapper\">\n\t\t\t<a href=\"https:\/\/groovit-dancestudio.com\/index.php\/berenger-professeur-lindy-hop\/\" class=\"elementor-button-link elementor-button elementor-size-sm\" role=\"button\">\n\t\t\t\t\t\t<span class=\"elementor-button-content-wrapper\">\n\t\t\t\t\t\t<span class=\"elementor-button-text\">D\u00e9couvrez B\u00e9renger qui sera son partenaire<\/span>\n\t\t<\/span>\n\t\t\t\t\t<\/a>\n\t\t<\/div>\n\t\t\t\t<\/div>\n\t\t\t\t<\/div>\n\t\t\t\t<div class=\"elementor-element elementor-element-eb1f649 elementor-widget elementor-widget-spacer\" data-id=\"eb1f649\" data-element_type=\"widget\" data-widget_type=\"spacer.default\">\n\t\t\t\t<div class=\"elementor-widget-container\">\n\t\t\t\t\t<div class=\"elementor-spacer\">\n\t\t\t<div class=\"elementor-spacer-inner\"><\/div>\n\t\t<\/div>\n\t\t\t\t<\/div>\n\t\t\t\t<\/div>\n\t\t\t\t\t\t<\/div>\n\t\t\t\t\t<\/div>\n\t\t<\/div>\n\t\t\t\t<div class=\"elementor-column elementor-col-25 elementor-top-column elementor-element elementor-element-40ff13f2\" data-id=\"40ff13f2\" data-element_type=\"column\">\n\t\t\t<div class=\"elementor-column-wrap\">\n\t\t\t\t\t\t\t<div class=\"elementor-widget-wrap\">\n\t\t\t\t\t\t\t\t<\/div>\n\t\t\t\t\t<\/div>\n\t\t<\/div>\n\t\t\t\t\t\t\t\t<\/div>\n\t\t\t\t\t<\/div>\n\t\t<\/section>\n\t\t\t\t\t\t<\/div>\n\t\t\t\t\t\t<\/div>\n\t\t\t\t\t<\/div>\n\t\t","protected":false},"excerpt":{"rendered":"<p>C\u00e9cile rejoint cette ann\u00e9e l&#8217;\u00e9quipe Groov&#8217;it, pour y enseigner le Lindy-hop. C&#8217;est sa passion pour la danse qu&#8217;elle saura partager sous toutes ses formes ! Avec 20 ans de pratique de formation classique et 7 ans de danse contemporaine, c&#8217;est lors d&#8217;un bal de swing&#8230;<\/p>\n","protected":false},"author":1,"featured_media":0,"parent":0,"menu_order":0,"comment_status":"closed","ping_status":"closed","template":"","meta":{"footnotes":""},"class_list":["post-1629","page","type-page","status-publish","hentry"],"yoast_head":"<!-- This site is optimized with the Yoast SEO plugin v16.8 - https:\/\/yoast.com\/wordpress\/plugins\/seo\/ -->\n<title>C\u00e9cile &gt; Groovit Dance studio<\/title>\n<meta name=\"robots\" content=\"index, follow, max-snippet:-1, max-image-preview:large, max-video-preview:-1\" \/>\n<link rel=\"canonical\" href=\"https:\/\/groovit-dancestudio.com\/index.php\/cecile-professeur-lindy-hop\/\" \/>\n<meta property=\"og:locale\" content=\"en_US\" \/>\n<meta property=\"og:type\" content=\"article\" \/>\n<meta property=\"og:title\" content=\"C\u00e9cile &gt; Groovit Dance studio\" \/>\n<meta property=\"og:description\" content=\"C\u00e9cile rejoint cette ann\u00e9e l&#8217;\u00e9quipe Groov&#8217;it, pour y enseigner le Lindy-hop. C&#8217;est sa passion pour la danse qu&#8217;elle saura partager sous toutes ses formes ! Avec 20 ans de pratique de formation classique et 7 ans de danse contemporaine, c&#8217;est lors d&#8217;un bal de swing...\" \/>\n<meta property=\"og:url\" content=\"https:\/\/groovit-dancestudio.com\/index.php\/cecile-professeur-lindy-hop\/\" \/>\n<meta property=\"og:site_name\" content=\"Groovit Dance studio\" \/>\n<meta property=\"article:publisher\" content=\"https:\/\/www.facebook.com\/dancestudiogroovit\" \/>\n<meta property=\"article:modified_time\" content=\"2023-06-06T15:57:28+00:00\" \/>\n<meta name=\"twitter:card\" content=\"summary_large_image\" \/>\n<meta name=\"twitter:label1\" content=\"Est. reading time\" \/>\n\t<meta name=\"twitter:data1\" content=\"1 minute\" \/>\n<script type=\"application\/ld+json\" class=\"yoast-schema-graph\">{\"@context\":\"https:\/\/schema.org\",\"@graph\":[{\"@type\":\"Organization\",\"@id\":\"https:\/\/groovit-dancestudio.com\/#organization\",\"name\":\"Groov'it Dance Studio\",\"url\":\"https:\/\/groovit-dancestudio.com\/\",\"sameAs\":[\"https:\/\/www.facebook.com\/dancestudiogroovit\",\"https:\/\/www.instagram.com\/groovit_dancestudio\/?hl=fr\"],\"logo\":{\"@type\":\"ImageObject\",\"@id\":\"https:\/\/groovit-dancestudio.com\/#logo\",\"inLanguage\":\"en-US\",\"url\":\"https:\/\/groovit-dancestudio.com\/wp-content\/uploads\/2020\/07\/logo_bordeaux.png\",\"contentUrl\":\"https:\/\/groovit-dancestudio.com\/wp-content\/uploads\/2020\/07\/logo_bordeaux.png\",\"width\":572,\"height\":577,\"caption\":\"Groov'it Dance Studio\"},\"image\":{\"@id\":\"https:\/\/groovit-dancestudio.com\/#logo\"}},{\"@type\":\"WebSite\",\"@id\":\"https:\/\/groovit-dancestudio.com\/#website\",\"url\":\"https:\/\/groovit-dancestudio.com\/\",\"name\":\"Groovit Dance studio\",\"description\":\"Premi\\u00e8re \\u00e9cole de danse blues et swing \\u00e0 Paris et Montreuil\",\"publisher\":{\"@id\":\"https:\/\/groovit-dancestudio.com\/#organization\"},\"potentialAction\":[{\"@type\":\"SearchAction\",\"target\":{\"@type\":\"EntryPoint\",\"urlTemplate\":\"https:\/\/groovit-dancestudio.com\/?s={search_term_string}\"},\"query-input\":\"required name=search_term_string\"}],\"inLanguage\":\"en-US\"},{\"@type\":\"WebPage\",\"@id\":\"https:\/\/groovit-dancestudio.com\/index.php\/cecile-professeur-lindy-hop\/#webpage\",\"url\":\"https:\/\/groovit-dancestudio.com\/index.php\/cecile-professeur-lindy-hop\/\",\"name\":\"C\\u00e9cile &gt; Groovit Dance studio\",\"isPartOf\":{\"@id\":\"https:\/\/groovit-dancestudio.com\/#website\"},\"datePublished\":\"2023-06-05T14:22:49+00:00\",\"dateModified\":\"2023-06-06T15:57:28+00:00\",\"breadcrumb\":{\"@id\":\"https:\/\/groovit-dancestudio.com\/index.php\/cecile-professeur-lindy-hop\/#breadcrumb\"},\"inLanguage\":\"en-US\",\"potentialAction\":[{\"@type\":\"ReadAction\",\"target\":[\"https:\/\/groovit-dancestudio.com\/index.php\/cecile-professeur-lindy-hop\/\"]}]},{\"@type\":\"BreadcrumbList\",\"@id\":\"https:\/\/groovit-dancestudio.com\/index.php\/cecile-professeur-lindy-hop\/#breadcrumb\",\"itemListElement\":[{\"@type\":\"ListItem\",\"position\":1,\"name\":\"Home\",\"item\":\"https:\/\/groovit-dancestudio.com\/\"},{\"@type\":\"ListItem\",\"position\":2,\"name\":\"C\\u00e9cile\"}]}]}<\/script>\n<!-- \/ Yoast SEO plugin. -->","yoast_head_json":{"title":"C\u00e9cile &gt; Groovit Dance studio","robots":{"index":"index","follow":"follow","max-snippet":"max-snippet:-1","max-image-preview":"max-image-preview:large","max-video-preview":"max-video-preview:-1"},"canonical":"https:\/\/groovit-dancestudio.com\/index.php\/cecile-professeur-lindy-hop\/","og_locale":"en_US","og_type":"article","og_title":"C\u00e9cile &gt; Groovit Dance studio","og_description":"C\u00e9cile rejoint cette ann\u00e9e l&#8217;\u00e9quipe Groov&#8217;it, pour y enseigner le Lindy-hop. C&#8217;est sa passion pour la danse qu&#8217;elle saura partager sous toutes ses formes ! Avec 20 ans de pratique de formation classique et 7 ans de danse contemporaine, c&#8217;est lors d&#8217;un bal de swing...","og_url":"https:\/\/groovit-dancestudio.com\/index.php\/cecile-professeur-lindy-hop\/","og_site_name":"Groovit Dance studio","article_publisher":"https:\/\/www.facebook.com\/dancestudiogroovit","article_modified_time":"2023-06-06T15:57:28+00:00","twitter_card":"summary_large_image","twitter_misc":{"Est. reading time":"1 minute"},"schema":{"@context":"https:\/\/schema.org","@graph":[{"@type":"Organization","@id":"https:\/\/groovit-dancestudio.com\/#organization","name":"Groov'it Dance Studio","url":"https:\/\/groovit-dancestudio.com\/","sameAs":["https:\/\/www.facebook.com\/dancestudiogroovit","https:\/\/www.instagram.com\/groovit_dancestudio\/?hl=fr"],"logo":{"@type":"ImageObject","@id":"https:\/\/groovit-dancestudio.com\/#logo","inLanguage":"en-US","url":"https:\/\/groovit-dancestudio.com\/wp-content\/uploads\/2020\/07\/logo_bordeaux.png","contentUrl":"https:\/\/groovit-dancestudio.com\/wp-content\/uploads\/2020\/07\/logo_bordeaux.png","width":572,"height":577,"caption":"Groov'it Dance Studio"},"image":{"@id":"https:\/\/groovit-dancestudio.com\/#logo"}},{"@type":"WebSite","@id":"https:\/\/groovit-dancestudio.com\/#website","url":"https:\/\/groovit-dancestudio.com\/","name":"Groovit Dance studio","description":"Premi\u00e8re \u00e9cole de danse blues et swing \u00e0 Paris et Montreuil","publisher":{"@id":"https:\/\/groovit-dancestudio.com\/#organization"},"potentialAction":[{"@type":"SearchAction","target":{"@type":"EntryPoint","urlTemplate":"https:\/\/groovit-dancestudio.com\/?s={search_term_string}"},"query-input":"required name=search_term_string"}],"inLanguage":"en-US"},{"@type":"WebPage","@id":"https:\/\/groovit-dancestudio.com\/index.php\/cecile-professeur-lindy-hop\/#webpage","url":"https:\/\/groovit-dancestudio.com\/index.php\/cecile-professeur-lindy-hop\/","name":"C\u00e9cile &gt; Groovit Dance studio","isPartOf":{"@id":"https:\/\/groovit-dancestudio.com\/#website"},"datePublished":"2023-06-05T14:22:49+00:00","dateModified":"2023-06-06T15:57:28+00:00","breadcrumb":{"@id":"https:\/\/groovit-dancestudio.com\/index.php\/cecile-professeur-lindy-hop\/#breadcrumb"},"inLanguage":"en-US","potentialAction":[{"@type":"ReadAction","target":["https:\/\/groovit-dancestudio.com\/index.php\/cecile-professeur-lindy-hop\/"]}]},{"@type":"BreadcrumbList","@id":"https:\/\/groovit-dancestudio.com\/index.php\/cecile-professeur-lindy-hop\/#breadcrumb","itemListElement":[{"@type":"ListItem","position":1,"name":"Home","item":"https:\/\/groovit-dancestudio.com\/"},{"@type":"ListItem","position":2,"name":"C\u00e9cile"}]}]}},"_links":{"self":[{"href":"https:\/\/groovit-dancestudio.com\/index.php\/wp-json\/wp\/v2\/pages\/1629","targetHints":{"allow":["GET"]}}],"collection":[{"href":"https:\/\/groovit-dancestudio.com\/index.php\/wp-json\/wp\/v2\/pages"}],"about":[{"href":"https:\/\/groovit-dancestudio.com\/index.php\/wp-json\/wp\/v2\/types\/page"}],"author":[{"embeddable":true,"href":"https:\/\/groovit-dancestudio.com\/index.php\/wp-json\/wp\/v2\/users\/1"}],"replies":[{"embeddable":true,"href":"https:\/\/groovit-dancestudio.com\/index.php\/wp-json\/wp\/v2\/comments?post=1629"}],"version-history":[{"count":15,"href":"https:\/\/groovit-dancestudio.com\/index.php\/wp-json\/wp\/v2\/pages\/1629\/revisions"}],"predecessor-version":[{"id":1671,"href":"https:\/\/groovit-dancestudio.com\/index.php\/wp-json\/wp\/v2\/pages\/1629\/revisions\/1671"}],"wp:attachment":[{"href":"https:\/\/groovit-dancestudio.com\/index.php\/wp-json\/wp\/v2\/media?parent=1629"}],"curies":[{"name":"wp","href":"https:\/\/api.w.org\/{rel}","templated":true}]}}