{"id":1210,"date":"2021-10-04T17:45:39","date_gmt":"2021-10-04T15:45:39","guid":{"rendered":"https:\/\/groovit-dancestudio.com\/?page_id=1210"},"modified":"2021-10-04T23:55:06","modified_gmt":"2021-10-04T21:55:06","slug":"cours-prives","status":"publish","type":"page","link":"https:\/\/groovit-dancestudio.com\/index.php\/cours-prives\/","title":{"rendered":"Cours priv\u00e9s"},"content":{"rendered":"\t\t<div data-elementor-type=\"wp-page\" data-elementor-id=\"1210\" class=\"elementor elementor-1210\" data-elementor-settings=\"[]\">\n\t\t\t\t\t\t<div class=\"elementor-inner\">\n\t\t\t\t\t\t\t<div class=\"elementor-section-wrap\">\n\t\t\t\t\t\t\t<section class=\"elementor-section elementor-top-section elementor-element elementor-element-2786f99 elementor-section-boxed elementor-section-height-default elementor-section-height-default parallax_section_no qode_elementor_container_no\" data-id=\"2786f99\" data-element_type=\"section\">\n\t\t\t\t\t\t<div class=\"elementor-container elementor-column-gap-default\">\n\t\t\t\t\t\t\t<div class=\"elementor-row\">\n\t\t\t\t\t<div class=\"elementor-column elementor-col-25 elementor-top-column elementor-element elementor-element-7515367\" data-id=\"7515367\" data-element_type=\"column\">\n\t\t\t<div class=\"elementor-column-wrap\">\n\t\t\t\t\t\t\t<div class=\"elementor-widget-wrap\">\n\t\t\t\t\t\t\t\t<\/div>\n\t\t\t\t\t<\/div>\n\t\t<\/div>\n\t\t\t\t<div class=\"elementor-column elementor-col-50 elementor-top-column elementor-element elementor-element-c214692\" data-id=\"c214692\" data-element_type=\"column\">\n\t\t\t<div class=\"elementor-column-wrap elementor-element-populated\">\n\t\t\t\t\t\t\t<div class=\"elementor-widget-wrap\">\n\t\t\t\t\t\t<div class=\"elementor-element elementor-element-557af3c elementor-widget elementor-widget-text-editor\" data-id=\"557af3c\" data-element_type=\"widget\" data-widget_type=\"text-editor.default\">\n\t\t\t\t<div class=\"elementor-widget-container\">\n\t\t\t\t\t\t\t\t<div class=\"elementor-text-editor elementor-clearfix\">\n\t\t\t\t\t<p><strong>Pourquoi prendre des cours priv\u00e9s ?<\/strong><\/p><p style=\"text-align: justify;\">Par ce que vous voulez apprendre le lindy hop ou la danse blues mais que vous n&#8217;\u00eates pas disponible aux heures de cours collectifs;<br \/>Si vous voulez vous perfectionner ou travailler un point pr\u00e9cis de mani\u00e8re plus approfondie;<br \/>Ou encore pour rattraper des cours hebdomadaires que vous auriez rat\u00e9s;<br \/>Il y a de nombreuses raisons de prendre un cours particulier.<\/p><p style=\"text-align: justify;\"><strong>Que peut m&#8217;apporter un cours priv\u00e9 ?<\/strong><\/p><p style=\"text-align: justify;\">Les cours particuliers de danse avec un professeur ou un couple de professeurs sont compl\u00e9mentaires des cours r\u00e9guliers. Ils permettent d&#8217;approfondir plus pr\u00e9cis\u00e9ment des points techniques ou stylistiques qui vous sont propres. Le cours va \u00e0 votre rythme.<\/p><p style=\"text-align: justify;\"><strong>Quelle(s) formule(s) proposent Groov&#8217;it ?<\/strong><\/p><p style=\"text-align: justify;\">Pour un cours ou pour une session de 10 cours, avec un ou deux professeurs, seul(e) ou avec un(e) partenaire : Les formules sont \u00e0 la carte. Si tu as besoin d&#8217;aide pour mieux cibler tes besoins, n&#8217;h\u00e9sites pas \u00e0 nous contacter. Nous discuterons avec toi des meilleures possibilit\u00e9s en fonction de ton niveau, tes envies, tes disponibilit\u00e9s&#8230;<\/p><p style=\"text-align: justify;\"><strong>Tarifs :\u00a0<br \/><\/strong>Les prix pour les cours particuliers commencent \u00e0 50\u20ac pour une heure de cours pour une personne et avec un seul professeur. Nous faisons des tarifs d\u00e9gressifs si tu t&#8217;engages \u00e0 prendre plusieurs cours.\u00a0<\/p>\t\t\t\t\t<\/div>\n\t\t\t\t\t\t<\/div>\n\t\t\t\t<\/div>\n\t\t\t\t<div class=\"elementor-element elementor-element-85c84ab elementor-widget elementor-widget-spacer\" data-id=\"85c84ab\" data-element_type=\"widget\" data-widget_type=\"spacer.default\">\n\t\t\t\t<div class=\"elementor-widget-container\">\n\t\t\t\t\t<div class=\"elementor-spacer\">\n\t\t\t<div class=\"elementor-spacer-inner\"><\/div>\n\t\t<\/div>\n\t\t\t\t<\/div>\n\t\t\t\t<\/div>\n\t\t\t\t\t\t<\/div>\n\t\t\t\t\t<\/div>\n\t\t<\/div>\n\t\t\t\t<div class=\"elementor-column elementor-col-25 elementor-top-column elementor-element elementor-element-b07a0a0\" data-id=\"b07a0a0\" data-element_type=\"column\">\n\t\t\t<div class=\"elementor-column-wrap\">\n\t\t\t\t\t\t\t<div class=\"elementor-widget-wrap\">\n\t\t\t\t\t\t\t\t<\/div>\n\t\t\t\t\t<\/div>\n\t\t<\/div>\n\t\t\t\t\t\t\t\t<\/div>\n\t\t\t\t\t<\/div>\n\t\t<\/section>\n\t\t\t\t<section class=\"elementor-section elementor-top-section elementor-element elementor-element-3835d70 elementor-section-boxed elementor-section-height-default elementor-section-height-default parallax_section_no qode_elementor_container_no\" data-id=\"3835d70\" data-element_type=\"section\">\n\t\t\t\t\t\t<div class=\"elementor-container elementor-column-gap-default\">\n\t\t\t\t\t\t\t<div class=\"elementor-row\">\n\t\t\t\t\t<div class=\"elementor-column elementor-col-100 elementor-top-column elementor-element elementor-element-4c40bf9\" data-id=\"4c40bf9\" data-element_type=\"column\">\n\t\t\t<div class=\"elementor-column-wrap elementor-element-populated\">\n\t\t\t\t\t\t\t<div class=\"elementor-widget-wrap\">\n\t\t\t\t\t\t<div class=\"elementor-element elementor-element-99a77b3 elementor-widget elementor-widget-heading\" data-id=\"99a77b3\" data-element_type=\"widget\" data-widget_type=\"heading.default\">\n\t\t\t\t<div class=\"elementor-widget-container\">\n\t\t\t<h2 class=\"elementor-heading-title elementor-size-large\">Un EVJF\/EVG ou une ouverture de bal \u00e0 pr\u00e9parer ?<\/h2>\t\t<\/div>\n\t\t\t\t<\/div>\n\t\t\t\t<div class=\"elementor-element elementor-element-2a4e886 elementor-widget elementor-widget-text-editor\" data-id=\"2a4e886\" data-element_type=\"widget\" data-widget_type=\"text-editor.default\">\n\t\t\t\t<div class=\"elementor-widget-container\">\n\t\t\t\t\t\t\t\t<div class=\"elementor-text-editor elementor-clearfix\">\n\t\t\t\t\t<p><em>Pour toutes ces occasions aussi, l&#8217;\u00e9quipe de Groov&#8217;It est l\u00e0 pour vous aider ! Que vous souhaitiez un cours entre ami(e)s pour une occasion sp\u00e9ciale ou que vous ayez le plus beau jour de votre vie \u00e0 pr\u00e9parer, nous saurons vous accompagner pour faire de ce jour un moment inoubliable !<\/em><\/p>\t\t\t\t\t<\/div>\n\t\t\t\t\t\t<\/div>\n\t\t\t\t<\/div>\n\t\t\t\t<div class=\"elementor-element elementor-element-d24f880 elementor-align-center elementor-widget elementor-widget-button\" data-id=\"d24f880\" data-element_type=\"widget\" data-widget_type=\"button.default\">\n\t\t\t\t<div class=\"elementor-widget-container\">\n\t\t\t\t\t<div class=\"elementor-button-wrapper\">\n\t\t\t<a href=\"\" class=\"elementor-button-link elementor-button elementor-size-sm\" role=\"button\">\n\t\t\t\t\t\t<span class=\"elementor-button-content-wrapper\">\n\t\t\t\t\t\t<span class=\"elementor-button-text\">Contactez-nous !<\/span>\n\t\t<\/span>\n\t\t\t\t\t<\/a>\n\t\t<\/div>\n\t\t\t\t<\/div>\n\t\t\t\t<\/div>\n\t\t\t\t<div class=\"elementor-element elementor-element-c98f084 elementor-widget elementor-widget-image\" data-id=\"c98f084\" data-element_type=\"widget\" data-widget_type=\"image.default\">\n\t\t\t\t<div class=\"elementor-widget-container\">\n\t\t\t\t\t\t\t\t<div class=\"elementor-image\">\n\t\t\t\t\t\t\t\t\t\t\t\t<img loading=\"lazy\" decoding=\"async\" width=\"1024\" height=\"683\" src=\"https:\/\/groovit-dancestudio.com\/wp-content\/uploads\/2020\/06\/54256828_407300900084344_9106037653496659968_o-1024x683.jpg\" class=\"attachment-large size-large\" alt=\"\" srcset=\"https:\/\/groovit-dancestudio.com\/wp-content\/uploads\/2020\/06\/54256828_407300900084344_9106037653496659968_o-1024x683.jpg 1024w, https:\/\/groovit-dancestudio.com\/wp-content\/uploads\/2020\/06\/54256828_407300900084344_9106037653496659968_o-300x200.jpg 300w, https:\/\/groovit-dancestudio.com\/wp-content\/uploads\/2020\/06\/54256828_407300900084344_9106037653496659968_o-768x512.jpg 768w, https:\/\/groovit-dancestudio.com\/wp-content\/uploads\/2020\/06\/54256828_407300900084344_9106037653496659968_o-1536x1024.jpg 1536w, https:\/\/groovit-dancestudio.com\/wp-content\/uploads\/2020\/06\/54256828_407300900084344_9106037653496659968_o-700x467.jpg 700w, https:\/\/groovit-dancestudio.com\/wp-content\/uploads\/2020\/06\/54256828_407300900084344_9106037653496659968_o.jpg 1800w\" sizes=\"auto, (max-width: 1024px) 100vw, 1024px\" \/>\t\t\t\t\t\t\t\t\t\t\t\t\t\t<\/div>\n\t\t\t\t\t\t<\/div>\n\t\t\t\t<\/div>\n\t\t\t\t<div class=\"elementor-element elementor-element-271748a elementor-widget elementor-widget-spacer\" data-id=\"271748a\" data-element_type=\"widget\" data-widget_type=\"spacer.default\">\n\t\t\t\t<div class=\"elementor-widget-container\">\n\t\t\t\t\t<div class=\"elementor-spacer\">\n\t\t\t<div class=\"elementor-spacer-inner\"><\/div>\n\t\t<\/div>\n\t\t\t\t<\/div>\n\t\t\t\t<\/div>\n\t\t\t\t\t\t<\/div>\n\t\t\t\t\t<\/div>\n\t\t<\/div>\n\t\t\t\t\t\t\t\t<\/div>\n\t\t\t\t\t<\/div>\n\t\t<\/section>\n\t\t\t\t\t\t<\/div>\n\t\t\t\t\t\t<\/div>\n\t\t\t\t\t<\/div>\n\t\t","protected":false},"excerpt":{"rendered":"<p>Pourquoi prendre des cours priv\u00e9s ? Par ce que vous voulez apprendre le lindy hop ou la danse blues mais que vous n&#8217;\u00eates pas disponible aux heures de cours collectifs;Si vous voulez vous perfectionner ou travailler un point pr\u00e9cis de mani\u00e8re plus approfondie;Ou encore pour&#8230;<\/p>\n","protected":false},"author":1,"featured_media":0,"parent":0,"menu_order":0,"comment_status":"closed","ping_status":"closed","template":"","meta":{"footnotes":""},"class_list":["post-1210","page","type-page","status-publish","hentry"],"yoast_head":"<!-- This site is optimized with the Yoast SEO plugin v16.8 - https:\/\/yoast.com\/wordpress\/plugins\/seo\/ -->\n<title>Cours priv\u00e9s &gt; Groovit Dance studio<\/title>\n<meta name=\"robots\" content=\"index, follow, max-snippet:-1, max-image-preview:large, max-video-preview:-1\" \/>\n<link rel=\"canonical\" href=\"https:\/\/groovit-dancestudio.com\/index.php\/cours-prives\/\" \/>\n<meta property=\"og:locale\" content=\"en_US\" \/>\n<meta property=\"og:type\" content=\"article\" \/>\n<meta property=\"og:title\" content=\"Cours priv\u00e9s &gt; Groovit Dance studio\" \/>\n<meta property=\"og:description\" content=\"Pourquoi prendre des cours priv\u00e9s ? Par ce que vous voulez apprendre le lindy hop ou la danse blues mais que vous n&#8217;\u00eates pas disponible aux heures de cours collectifs;Si vous voulez vous perfectionner ou travailler un point pr\u00e9cis de mani\u00e8re plus approfondie;Ou encore pour...\" \/>\n<meta property=\"og:url\" content=\"https:\/\/groovit-dancestudio.com\/index.php\/cours-prives\/\" \/>\n<meta property=\"og:site_name\" content=\"Groovit Dance studio\" \/>\n<meta property=\"article:publisher\" content=\"https:\/\/www.facebook.com\/dancestudiogroovit\" \/>\n<meta property=\"article:modified_time\" content=\"2021-10-04T21:55:06+00:00\" \/>\n<meta property=\"og:image\" content=\"https:\/\/groovit-dancestudio.com\/wp-content\/uploads\/2020\/06\/54256828_407300900084344_9106037653496659968_o-1024x683.jpg\" \/>\n<meta name=\"twitter:card\" content=\"summary_large_image\" \/>\n<meta name=\"twitter:label1\" content=\"Est. reading time\" \/>\n\t<meta name=\"twitter:data1\" content=\"2 minutes\" \/>\n<script type=\"application\/ld+json\" class=\"yoast-schema-graph\">{\"@context\":\"https:\/\/schema.org\",\"@graph\":[{\"@type\":\"Organization\",\"@id\":\"https:\/\/groovit-dancestudio.com\/#organization\",\"name\":\"Groov'it Dance Studio\",\"url\":\"https:\/\/groovit-dancestudio.com\/\",\"sameAs\":[\"https:\/\/www.facebook.com\/dancestudiogroovit\",\"https:\/\/www.instagram.com\/groovit_dancestudio\/?hl=fr\"],\"logo\":{\"@type\":\"ImageObject\",\"@id\":\"https:\/\/groovit-dancestudio.com\/#logo\",\"inLanguage\":\"en-US\",\"url\":\"https:\/\/groovit-dancestudio.com\/wp-content\/uploads\/2020\/07\/logo_bordeaux.png\",\"contentUrl\":\"https:\/\/groovit-dancestudio.com\/wp-content\/uploads\/2020\/07\/logo_bordeaux.png\",\"width\":572,\"height\":577,\"caption\":\"Groov'it Dance Studio\"},\"image\":{\"@id\":\"https:\/\/groovit-dancestudio.com\/#logo\"}},{\"@type\":\"WebSite\",\"@id\":\"https:\/\/groovit-dancestudio.com\/#website\",\"url\":\"https:\/\/groovit-dancestudio.com\/\",\"name\":\"Groovit Dance studio\",\"description\":\"Premi\\u00e8re \\u00e9cole de danse blues et swing \\u00e0 Paris et Montreuil\",\"publisher\":{\"@id\":\"https:\/\/groovit-dancestudio.com\/#organization\"},\"potentialAction\":[{\"@type\":\"SearchAction\",\"target\":{\"@type\":\"EntryPoint\",\"urlTemplate\":\"https:\/\/groovit-dancestudio.com\/?s={search_term_string}\"},\"query-input\":\"required name=search_term_string\"}],\"inLanguage\":\"en-US\"},{\"@type\":\"ImageObject\",\"@id\":\"https:\/\/groovit-dancestudio.com\/index.php\/cours-prives\/#primaryimage\",\"inLanguage\":\"en-US\",\"url\":\"https:\/\/groovit-dancestudio.com\/wp-content\/uploads\/2020\/06\/54256828_407300900084344_9106037653496659968_o.jpg\",\"contentUrl\":\"https:\/\/groovit-dancestudio.com\/wp-content\/uploads\/2020\/06\/54256828_407300900084344_9106037653496659968_o.jpg\",\"width\":1800,\"height\":1200},{\"@type\":\"WebPage\",\"@id\":\"https:\/\/groovit-dancestudio.com\/index.php\/cours-prives\/#webpage\",\"url\":\"https:\/\/groovit-dancestudio.com\/index.php\/cours-prives\/\",\"name\":\"Cours priv\\u00e9s &gt; Groovit Dance studio\",\"isPartOf\":{\"@id\":\"https:\/\/groovit-dancestudio.com\/#website\"},\"primaryImageOfPage\":{\"@id\":\"https:\/\/groovit-dancestudio.com\/index.php\/cours-prives\/#primaryimage\"},\"datePublished\":\"2021-10-04T15:45:39+00:00\",\"dateModified\":\"2021-10-04T21:55:06+00:00\",\"breadcrumb\":{\"@id\":\"https:\/\/groovit-dancestudio.com\/index.php\/cours-prives\/#breadcrumb\"},\"inLanguage\":\"en-US\",\"potentialAction\":[{\"@type\":\"ReadAction\",\"target\":[\"https:\/\/groovit-dancestudio.com\/index.php\/cours-prives\/\"]}]},{\"@type\":\"BreadcrumbList\",\"@id\":\"https:\/\/groovit-dancestudio.com\/index.php\/cours-prives\/#breadcrumb\",\"itemListElement\":[{\"@type\":\"ListItem\",\"position\":1,\"name\":\"Home\",\"item\":\"https:\/\/groovit-dancestudio.com\/\"},{\"@type\":\"ListItem\",\"position\":2,\"name\":\"Cours priv\\u00e9s\"}]}]}<\/script>\n<!-- \/ Yoast SEO plugin. -->","yoast_head_json":{"title":"Cours priv\u00e9s &gt; Groovit Dance studio","robots":{"index":"index","follow":"follow","max-snippet":"max-snippet:-1","max-image-preview":"max-image-preview:large","max-video-preview":"max-video-preview:-1"},"canonical":"https:\/\/groovit-dancestudio.com\/index.php\/cours-prives\/","og_locale":"en_US","og_type":"article","og_title":"Cours priv\u00e9s &gt; Groovit Dance studio","og_description":"Pourquoi prendre des cours priv\u00e9s ? Par ce que vous voulez apprendre le lindy hop ou la danse blues mais que vous n&#8217;\u00eates pas disponible aux heures de cours collectifs;Si vous voulez vous perfectionner ou travailler un point pr\u00e9cis de mani\u00e8re plus approfondie;Ou encore pour...","og_url":"https:\/\/groovit-dancestudio.com\/index.php\/cours-prives\/","og_site_name":"Groovit Dance studio","article_publisher":"https:\/\/www.facebook.com\/dancestudiogroovit","article_modified_time":"2021-10-04T21:55:06+00:00","og_image":[{"url":"https:\/\/groovit-dancestudio.com\/wp-content\/uploads\/2020\/06\/54256828_407300900084344_9106037653496659968_o-1024x683.jpg"}],"twitter_card":"summary_large_image","twitter_misc":{"Est. reading time":"2 minutes"},"schema":{"@context":"https:\/\/schema.org","@graph":[{"@type":"Organization","@id":"https:\/\/groovit-dancestudio.com\/#organization","name":"Groov'it Dance Studio","url":"https:\/\/groovit-dancestudio.com\/","sameAs":["https:\/\/www.facebook.com\/dancestudiogroovit","https:\/\/www.instagram.com\/groovit_dancestudio\/?hl=fr"],"logo":{"@type":"ImageObject","@id":"https:\/\/groovit-dancestudio.com\/#logo","inLanguage":"en-US","url":"https:\/\/groovit-dancestudio.com\/wp-content\/uploads\/2020\/07\/logo_bordeaux.png","contentUrl":"https:\/\/groovit-dancestudio.com\/wp-content\/uploads\/2020\/07\/logo_bordeaux.png","width":572,"height":577,"caption":"Groov'it Dance Studio"},"image":{"@id":"https:\/\/groovit-dancestudio.com\/#logo"}},{"@type":"WebSite","@id":"https:\/\/groovit-dancestudio.com\/#website","url":"https:\/\/groovit-dancestudio.com\/","name":"Groovit Dance studio","description":"Premi\u00e8re \u00e9cole de danse blues et swing \u00e0 Paris et Montreuil","publisher":{"@id":"https:\/\/groovit-dancestudio.com\/#organization"},"potentialAction":[{"@type":"SearchAction","target":{"@type":"EntryPoint","urlTemplate":"https:\/\/groovit-dancestudio.com\/?s={search_term_string}"},"query-input":"required name=search_term_string"}],"inLanguage":"en-US"},{"@type":"ImageObject","@id":"https:\/\/groovit-dancestudio.com\/index.php\/cours-prives\/#primaryimage","inLanguage":"en-US","url":"https:\/\/groovit-dancestudio.com\/wp-content\/uploads\/2020\/06\/54256828_407300900084344_9106037653496659968_o.jpg","contentUrl":"https:\/\/groovit-dancestudio.com\/wp-content\/uploads\/2020\/06\/54256828_407300900084344_9106037653496659968_o.jpg","width":1800,"height":1200},{"@type":"WebPage","@id":"https:\/\/groovit-dancestudio.com\/index.php\/cours-prives\/#webpage","url":"https:\/\/groovit-dancestudio.com\/index.php\/cours-prives\/","name":"Cours priv\u00e9s &gt; Groovit Dance studio","isPartOf":{"@id":"https:\/\/groovit-dancestudio.com\/#website"},"primaryImageOfPage":{"@id":"https:\/\/groovit-dancestudio.com\/index.php\/cours-prives\/#primaryimage"},"datePublished":"2021-10-04T15:45:39+00:00","dateModified":"2021-10-04T21:55:06+00:00","breadcrumb":{"@id":"https:\/\/groovit-dancestudio.com\/index.php\/cours-prives\/#breadcrumb"},"inLanguage":"en-US","potentialAction":[{"@type":"ReadAction","target":["https:\/\/groovit-dancestudio.com\/index.php\/cours-prives\/"]}]},{"@type":"BreadcrumbList","@id":"https:\/\/groovit-dancestudio.com\/index.php\/cours-prives\/#breadcrumb","itemListElement":[{"@type":"ListItem","position":1,"name":"Home","item":"https:\/\/groovit-dancestudio.com\/"},{"@type":"ListItem","position":2,"name":"Cours priv\u00e9s"}]}]}},"_links":{"self":[{"href":"https:\/\/groovit-dancestudio.com\/index.php\/wp-json\/wp\/v2\/pages\/1210","targetHints":{"allow":["GET"]}}],"collection":[{"href":"https:\/\/groovit-dancestudio.com\/index.php\/wp-json\/wp\/v2\/pages"}],"about":[{"href":"https:\/\/groovit-dancestudio.com\/index.php\/wp-json\/wp\/v2\/types\/page"}],"author":[{"embeddable":true,"href":"https:\/\/groovit-dancestudio.com\/index.php\/wp-json\/wp\/v2\/users\/1"}],"replies":[{"embeddable":true,"href":"https:\/\/groovit-dancestudio.com\/index.php\/wp-json\/wp\/v2\/comments?post=1210"}],"version-history":[{"count":0,"href":"https:\/\/groovit-dancestudio.com\/index.php\/wp-json\/wp\/v2\/pages\/1210\/revisions"}],"wp:attachment":[{"href":"https:\/\/groovit-dancestudio.com\/index.php\/wp-json\/wp\/v2\/media?parent=1210"}],"curies":[{"name":"wp","href":"https:\/\/api.w.org\/{rel}","templated":true}]}}