{"id":1153,"date":"2021-08-27T12:37:07","date_gmt":"2021-08-27T10:37:07","guid":{"rendered":"https:\/\/groovit-dancestudio.com\/?page_id=1153"},"modified":"2021-08-27T14:01:03","modified_gmt":"2021-08-27T12:01:03","slug":"nos-danses","status":"publish","type":"page","link":"https:\/\/groovit-dancestudio.com\/index.php\/nos-danses\/","title":{"rendered":"NOS DANSES"},"content":{"rendered":"","protected":false},"excerpt":{"rendered":"","protected":false},"author":1,"featured_media":0,"parent":0,"menu_order":0,"comment_status":"closed","ping_status":"closed","template":"","meta":{"footnotes":""},"class_list":["post-1153","page","type-page","status-publish","hentry"],"yoast_head":"<!-- This site is optimized with the Yoast SEO plugin v16.8 - https:\/\/yoast.com\/wordpress\/plugins\/seo\/ -->\n<title>NOS DANSES &gt; Groovit Dance studio<\/title>\n<meta name=\"robots\" content=\"noindex, follow\" \/>\n<meta property=\"og:locale\" content=\"en_US\" \/>\n<meta property=\"og:type\" content=\"article\" \/>\n<meta property=\"og:title\" content=\"NOS DANSES &gt; Groovit Dance studio\" \/>\n<meta property=\"og:url\" content=\"https:\/\/groovit-dancestudio.com\/index.php\/nos-danses\/\" \/>\n<meta property=\"og:site_name\" content=\"Groovit Dance studio\" \/>\n<meta property=\"article:publisher\" content=\"https:\/\/www.facebook.com\/dancestudiogroovit\" \/>\n<meta property=\"article:modified_time\" content=\"2021-08-27T12:01:03+00:00\" \/>\n<meta name=\"twitter:card\" content=\"summary_large_image\" \/>\n<script type=\"application\/ld+json\" class=\"yoast-schema-graph\">{\"@context\":\"https:\/\/schema.org\",\"@graph\":[{\"@type\":\"Organization\",\"@id\":\"https:\/\/groovit-dancestudio.com\/#organization\",\"name\":\"Groov'it Dance Studio\",\"url\":\"https:\/\/groovit-dancestudio.com\/\",\"sameAs\":[\"https:\/\/www.facebook.com\/dancestudiogroovit\",\"https:\/\/www.instagram.com\/groovit_dancestudio\/?hl=fr\"],\"logo\":{\"@type\":\"ImageObject\",\"@id\":\"https:\/\/groovit-dancestudio.com\/#logo\",\"inLanguage\":\"en-US\",\"url\":\"https:\/\/groovit-dancestudio.com\/wp-content\/uploads\/2020\/07\/logo_bordeaux.png\",\"contentUrl\":\"https:\/\/groovit-dancestudio.com\/wp-content\/uploads\/2020\/07\/logo_bordeaux.png\",\"width\":572,\"height\":577,\"caption\":\"Groov'it Dance Studio\"},\"image\":{\"@id\":\"https:\/\/groovit-dancestudio.com\/#logo\"}},{\"@type\":\"WebSite\",\"@id\":\"https:\/\/groovit-dancestudio.com\/#website\",\"url\":\"https:\/\/groovit-dancestudio.com\/\",\"name\":\"Groovit Dance studio\",\"description\":\"Premi\\u00e8re \\u00e9cole de danse blues et swing \\u00e0 Paris et Montreuil\",\"publisher\":{\"@id\":\"https:\/\/groovit-dancestudio.com\/#organization\"},\"potentialAction\":[{\"@type\":\"SearchAction\",\"target\":{\"@type\":\"EntryPoint\",\"urlTemplate\":\"https:\/\/groovit-dancestudio.com\/?s={search_term_string}\"},\"query-input\":\"required name=search_term_string\"}],\"inLanguage\":\"en-US\"},{\"@type\":\"WebPage\",\"@id\":\"https:\/\/groovit-dancestudio.com\/index.php\/nos-danses\/#webpage\",\"url\":\"https:\/\/groovit-dancestudio.com\/index.php\/nos-danses\/\",\"name\":\"NOS DANSES &gt; Groovit Dance studio\",\"isPartOf\":{\"@id\":\"https:\/\/groovit-dancestudio.com\/#website\"},\"datePublished\":\"2021-08-27T10:37:07+00:00\",\"dateModified\":\"2021-08-27T12:01:03+00:00\",\"breadcrumb\":{\"@id\":\"https:\/\/groovit-dancestudio.com\/index.php\/nos-danses\/#breadcrumb\"},\"inLanguage\":\"en-US\",\"potentialAction\":[{\"@type\":\"ReadAction\",\"target\":[\"https:\/\/groovit-dancestudio.com\/index.php\/nos-danses\/\"]}]},{\"@type\":\"BreadcrumbList\",\"@id\":\"https:\/\/groovit-dancestudio.com\/index.php\/nos-danses\/#breadcrumb\",\"itemListElement\":[{\"@type\":\"ListItem\",\"position\":1,\"name\":\"Home\",\"item\":\"https:\/\/groovit-dancestudio.com\/\"},{\"@type\":\"ListItem\",\"position\":2,\"name\":\"NOS DANSES\"}]}]}<\/script>\n<!-- \/ Yoast SEO plugin. -->","yoast_head_json":{"title":"NOS DANSES &gt; Groovit Dance studio","robots":{"index":"noindex","follow":"follow"},"og_locale":"en_US","og_type":"article","og_title":"NOS DANSES &gt; Groovit Dance studio","og_url":"https:\/\/groovit-dancestudio.com\/index.php\/nos-danses\/","og_site_name":"Groovit Dance studio","article_publisher":"https:\/\/www.facebook.com\/dancestudiogroovit","article_modified_time":"2021-08-27T12:01:03+00:00","twitter_card":"summary_large_image","schema":{"@context":"https:\/\/schema.org","@graph":[{"@type":"Organization","@id":"https:\/\/groovit-dancestudio.com\/#organization","name":"Groov'it Dance Studio","url":"https:\/\/groovit-dancestudio.com\/","sameAs":["https:\/\/www.facebook.com\/dancestudiogroovit","https:\/\/www.instagram.com\/groovit_dancestudio\/?hl=fr"],"logo":{"@type":"ImageObject","@id":"https:\/\/groovit-dancestudio.com\/#logo","inLanguage":"en-US","url":"https:\/\/groovit-dancestudio.com\/wp-content\/uploads\/2020\/07\/logo_bordeaux.png","contentUrl":"https:\/\/groovit-dancestudio.com\/wp-content\/uploads\/2020\/07\/logo_bordeaux.png","width":572,"height":577,"caption":"Groov'it Dance Studio"},"image":{"@id":"https:\/\/groovit-dancestudio.com\/#logo"}},{"@type":"WebSite","@id":"https:\/\/groovit-dancestudio.com\/#website","url":"https:\/\/groovit-dancestudio.com\/","name":"Groovit Dance studio","description":"Premi\u00e8re \u00e9cole de danse blues et swing \u00e0 Paris et Montreuil","publisher":{"@id":"https:\/\/groovit-dancestudio.com\/#organization"},"potentialAction":[{"@type":"SearchAction","target":{"@type":"EntryPoint","urlTemplate":"https:\/\/groovit-dancestudio.com\/?s={search_term_string}"},"query-input":"required name=search_term_string"}],"inLanguage":"en-US"},{"@type":"WebPage","@id":"https:\/\/groovit-dancestudio.com\/index.php\/nos-danses\/#webpage","url":"https:\/\/groovit-dancestudio.com\/index.php\/nos-danses\/","name":"NOS DANSES &gt; Groovit Dance studio","isPartOf":{"@id":"https:\/\/groovit-dancestudio.com\/#website"},"datePublished":"2021-08-27T10:37:07+00:00","dateModified":"2021-08-27T12:01:03+00:00","breadcrumb":{"@id":"https:\/\/groovit-dancestudio.com\/index.php\/nos-danses\/#breadcrumb"},"inLanguage":"en-US","potentialAction":[{"@type":"ReadAction","target":["https:\/\/groovit-dancestudio.com\/index.php\/nos-danses\/"]}]},{"@type":"BreadcrumbList","@id":"https:\/\/groovit-dancestudio.com\/index.php\/nos-danses\/#breadcrumb","itemListElement":[{"@type":"ListItem","position":1,"name":"Home","item":"https:\/\/groovit-dancestudio.com\/"},{"@type":"ListItem","position":2,"name":"NOS DANSES"}]}]}},"_links":{"self":[{"href":"https:\/\/groovit-dancestudio.com\/index.php\/wp-json\/wp\/v2\/pages\/1153","targetHints":{"allow":["GET"]}}],"collection":[{"href":"https:\/\/groovit-dancestudio.com\/index.php\/wp-json\/wp\/v2\/pages"}],"about":[{"href":"https:\/\/groovit-dancestudio.com\/index.php\/wp-json\/wp\/v2\/types\/page"}],"author":[{"embeddable":true,"href":"https:\/\/groovit-dancestudio.com\/index.php\/wp-json\/wp\/v2\/users\/1"}],"replies":[{"embeddable":true,"href":"https:\/\/groovit-dancestudio.com\/index.php\/wp-json\/wp\/v2\/comments?post=1153"}],"version-history":[{"count":0,"href":"https:\/\/groovit-dancestudio.com\/index.php\/wp-json\/wp\/v2\/pages\/1153\/revisions"}],"wp:attachment":[{"href":"https:\/\/groovit-dancestudio.com\/index.php\/wp-json\/wp\/v2\/media?parent=1153"}],"curies":[{"name":"wp","href":"https:\/\/api.w.org\/{rel}","templated":true}]}}