{"id":1007,"date":"2021-07-02T01:29:19","date_gmt":"2021-07-01T23:29:19","guid":{"rendered":"https:\/\/groovit-dancestudio.com\/?page_id=1007"},"modified":"2023-06-10T13:54:07","modified_gmt":"2023-06-10T11:54:07","slug":"benedicte","status":"publish","type":"page","link":"https:\/\/groovit-dancestudio.com\/index.php\/benedicte\/","title":{"rendered":"B\u00e9n\u00e9dicte"},"content":{"rendered":"\t\t<div data-elementor-type=\"wp-page\" data-elementor-id=\"1007\" class=\"elementor elementor-1007\" data-elementor-settings=\"[]\">\n\t\t\t\t\t\t<div class=\"elementor-inner\">\n\t\t\t\t\t\t\t<div class=\"elementor-section-wrap\">\n\t\t\t\t\t\t\t<section class=\"elementor-section elementor-top-section elementor-element elementor-element-6ea6096e elementor-section-boxed elementor-section-height-default elementor-section-height-default parallax_section_no qode_elementor_container_no\" data-id=\"6ea6096e\" data-element_type=\"section\">\n\t\t\t\t\t\t<div class=\"elementor-container elementor-column-gap-default\">\n\t\t\t\t\t\t\t<div class=\"elementor-row\">\n\t\t\t\t\t<div class=\"elementor-column elementor-col-100 elementor-top-column elementor-element elementor-element-2c10616e\" data-id=\"2c10616e\" data-element_type=\"column\">\n\t\t\t<div class=\"elementor-column-wrap elementor-element-populated\">\n\t\t\t\t\t\t\t<div class=\"elementor-widget-wrap\">\n\t\t\t\t\t\t<div class=\"elementor-element elementor-element-391a1c8f elementor-widget elementor-widget-spacer\" data-id=\"391a1c8f\" data-element_type=\"widget\" data-widget_type=\"spacer.default\">\n\t\t\t\t<div class=\"elementor-widget-container\">\n\t\t\t\t\t<div class=\"elementor-spacer\">\n\t\t\t<div class=\"elementor-spacer-inner\"><\/div>\n\t\t<\/div>\n\t\t\t\t<\/div>\n\t\t\t\t<\/div>\n\t\t\t\t<div class=\"elementor-element elementor-element-7a320ecf elementor-aspect-ratio-169 elementor-widget elementor-widget-video\" data-id=\"7a320ecf\" data-element_type=\"widget\" data-settings=\"{&quot;youtube_url&quot;:&quot;https:\\\/\\\/youtu.be\\\/HUtvb-Md5lc&quot;,&quot;video_type&quot;:&quot;youtube&quot;,&quot;controls&quot;:&quot;yes&quot;,&quot;aspect_ratio&quot;:&quot;169&quot;}\" data-widget_type=\"video.default\">\n\t\t\t\t<div class=\"elementor-widget-container\">\n\t\t\t\t\t<div class=\"elementor-wrapper elementor-fit-aspect-ratio elementor-open-inline\">\n\t\t\t<div class=\"elementor-video\"><\/div>\t\t<\/div>\n\t\t\t\t<\/div>\n\t\t\t\t<\/div>\n\t\t\t\t<div class=\"elementor-element elementor-element-11c08c23 elementor-widget elementor-widget-spacer\" data-id=\"11c08c23\" data-element_type=\"widget\" data-widget_type=\"spacer.default\">\n\t\t\t\t<div class=\"elementor-widget-container\">\n\t\t\t\t\t<div class=\"elementor-spacer\">\n\t\t\t<div class=\"elementor-spacer-inner\"><\/div>\n\t\t<\/div>\n\t\t\t\t<\/div>\n\t\t\t\t<\/div>\n\t\t\t\t\t\t<\/div>\n\t\t\t\t\t<\/div>\n\t\t<\/div>\n\t\t\t\t\t\t\t\t<\/div>\n\t\t\t\t\t<\/div>\n\t\t<\/section>\n\t\t\t\t<section class=\"elementor-section elementor-top-section elementor-element elementor-element-305f0fdc elementor-section-content-top elementor-section-boxed elementor-section-height-default elementor-section-height-default parallax_section_no qode_elementor_container_no\" data-id=\"305f0fdc\" data-element_type=\"section\">\n\t\t\t\t\t\t<div class=\"elementor-container elementor-column-gap-default\">\n\t\t\t\t\t\t\t<div class=\"elementor-row\">\n\t\t\t\t\t<div class=\"elementor-column elementor-col-50 elementor-top-column elementor-element elementor-element-af1d87d\" data-id=\"af1d87d\" data-element_type=\"column\">\n\t\t\t<div class=\"elementor-column-wrap elementor-element-populated\">\n\t\t\t\t\t\t\t<div class=\"elementor-widget-wrap\">\n\t\t\t\t\t\t<div class=\"elementor-element elementor-element-2ce62ad6 elementor-widget elementor-widget-text-editor\" data-id=\"2ce62ad6\" data-element_type=\"widget\" data-widget_type=\"text-editor.default\">\n\t\t\t\t<div class=\"elementor-widget-container\">\n\t\t\t\t\t\t\t\t<div class=\"elementor-text-editor elementor-clearfix\">\n\t\t\t\t\t<p style=\"text-align: justify;\">B\u00e9n\u00e9dicte, co-fondatrice de Groov&#8217;it a toujours dans\u00e9 depuis ses 4 ans et a pratiqu\u00e9 toutes sortes de danses: classique, moderne, Jazz contemporain, mais \u00e9galement danse russe, claquettes et hip hop. Lors de ses \u00e9tudes elle<span class=\"Apple-converted-space\">\u00a0 <\/span>s\u2019\u00e9loigne quelques temps de sa passion mais reste dans les arts puisqu\u2019elle devient graphiste et photographe.<\/p><p>\u00a0<\/p><p style=\"text-align: justify;\">C\u2019est en 2014 qu&#8217;elle d\u00e9couvre le Lindy-hop (ne lui demandez pas comment, elle ne s\u2019en souvient plus) qui devient une nouvelle \u00e9tape de sa vie. Elle pratique cette danse d\u00e8s qu&#8217;elle le peut (ah oui parce que si vous ne saviez pas on peut vite devenir addicte). Mais l\u2019id\u00e9e d\u2019int\u00e9grer les danses swing \u00e0 sa vie professionnelle grandit rapidement dans un coin de sa t\u00eate; en 2016, elle d\u00e9couvre la danse blues et rencontre Laurent avec qui elle d\u00e9cide, l&#8217;ann\u00e9e suivante, de non seulement enseigner ces deux danses mais \u00e9galement de d\u00e9velopper la communaut\u00e9 Blues parisienne.<\/p>\t\t\t\t\t<\/div>\n\t\t\t\t\t\t<\/div>\n\t\t\t\t<\/div>\n\t\t\t\t\t\t<\/div>\n\t\t\t\t\t<\/div>\n\t\t<\/div>\n\t\t\t\t<div class=\"elementor-column elementor-col-50 elementor-top-column elementor-element elementor-element-2c18eba\" data-id=\"2c18eba\" data-element_type=\"column\">\n\t\t\t<div class=\"elementor-column-wrap elementor-element-populated\">\n\t\t\t\t\t\t\t<div class=\"elementor-widget-wrap\">\n\t\t\t\t\t\t<div class=\"elementor-element elementor-element-5ce56f2e elementor-widget elementor-widget-text-editor\" data-id=\"5ce56f2e\" data-element_type=\"widget\" data-widget_type=\"text-editor.default\">\n\t\t\t\t<div class=\"elementor-widget-container\">\n\t\t\t\t\t\t\t\t<div class=\"elementor-text-editor elementor-clearfix\">\n\t\t\t\t\t<p style=\"text-align: justify;\">Ensemble ils se lancent le d\u00e9fi de cr\u00e9er le Paris Midnight Blues Festival dont le succ\u00e8s est mondial d\u00e8s la premi\u00e8re \u00e9dition et qui continue aujourd&#8217;hui d&#8217;attirer les danseurs des quatre coins du monde. Pendant ce temps, B\u00e9n\u00e9dicte rencontre des succ\u00e8s internationaux en comp\u00e9tition qui lui confortent cette id\u00e9e grandissante de placer le Swing et le Blues au c\u0153ur de sa vie. C&#8217;est ainsi qu&#8217;elle fonde avec Laurent l&#8217;\u00e9cole Groov&#8217;it et se consacre d\u00e9sormais pleinement \u00e0 sa gestion.<\/p><p style=\"text-align: justify;\">En cours, B\u00e9n\u00e9dicte propose une p\u00e9dagogie fine et personnalis\u00e9e en se concentrant sur le mouvement et la proprioception. Son sens de l\u2019observation est aiguis\u00e9 et son oeil de rate rien de ce que font ses \u00e9l\u00e8ves : c&#8217;est toute son exp\u00e9rience en tant que danseuse qu&#8217;elle partage en cours et qui ravit ses \u00e9l\u00e8ves.<\/p><p style=\"text-align: justify;\">Sa danse id\u00e9ale ? Danser sur <em>St James Infirmary<\/em> avec ses neveux aux c\u00f4t\u00e9s de C\u00e9cile et sa grand-m\u00e8re sur une sc\u00e8ne du Hellfest (un bon moment en famille quoi!)<\/p>\t\t\t\t\t<\/div>\n\t\t\t\t\t\t<\/div>\n\t\t\t\t<\/div>\n\t\t\t\t\t\t<\/div>\n\t\t\t\t\t<\/div>\n\t\t<\/div>\n\t\t\t\t\t\t\t\t<\/div>\n\t\t\t\t\t<\/div>\n\t\t<\/section>\n\t\t\t\t<section class=\"elementor-section elementor-top-section elementor-element elementor-element-7410f9e elementor-section-boxed elementor-section-height-default elementor-section-height-default parallax_section_no qode_elementor_container_no\" data-id=\"7410f9e\" data-element_type=\"section\">\n\t\t\t\t\t\t<div class=\"elementor-container elementor-column-gap-default\">\n\t\t\t\t\t\t\t<div class=\"elementor-row\">\n\t\t\t\t\t<div class=\"elementor-column elementor-col-100 elementor-top-column elementor-element elementor-element-6d06d6e7\" data-id=\"6d06d6e7\" data-element_type=\"column\">\n\t\t\t<div class=\"elementor-column-wrap elementor-element-populated\">\n\t\t\t\t\t\t\t<div class=\"elementor-widget-wrap\">\n\t\t\t\t\t\t<div class=\"elementor-element elementor-element-4c00a03d elementor-widget elementor-widget-spacer\" data-id=\"4c00a03d\" data-element_type=\"widget\" data-widget_type=\"spacer.default\">\n\t\t\t\t<div class=\"elementor-widget-container\">\n\t\t\t\t\t<div class=\"elementor-spacer\">\n\t\t\t<div class=\"elementor-spacer-inner\"><\/div>\n\t\t<\/div>\n\t\t\t\t<\/div>\n\t\t\t\t<\/div>\n\t\t\t\t<div class=\"elementor-element elementor-element-35127d7a elementor-widget-divider--view-line elementor-widget elementor-widget-divider\" data-id=\"35127d7a\" data-element_type=\"widget\" data-widget_type=\"divider.default\">\n\t\t\t\t<div class=\"elementor-widget-container\">\n\t\t\t\t\t<div class=\"elementor-divider\">\n\t\t\t<span class=\"elementor-divider-separator\">\n\t\t\t\t\t\t<\/span>\n\t\t<\/div>\n\t\t\t\t<\/div>\n\t\t\t\t<\/div>\n\t\t\t\t\t\t<\/div>\n\t\t\t\t\t<\/div>\n\t\t<\/div>\n\t\t\t\t\t\t\t\t<\/div>\n\t\t\t\t\t<\/div>\n\t\t<\/section>\n\t\t\t\t<section class=\"elementor-section elementor-top-section elementor-element elementor-element-4ec38a96 elementor-section-boxed elementor-section-height-default elementor-section-height-default parallax_section_no qode_elementor_container_no\" data-id=\"4ec38a96\" data-element_type=\"section\">\n\t\t\t\t\t\t<div class=\"elementor-container elementor-column-gap-default\">\n\t\t\t\t\t\t\t<div class=\"elementor-row\">\n\t\t\t\t\t<div class=\"elementor-column elementor-col-25 elementor-top-column elementor-element elementor-element-477a374f\" data-id=\"477a374f\" data-element_type=\"column\">\n\t\t\t<div class=\"elementor-column-wrap\">\n\t\t\t\t\t\t\t<div class=\"elementor-widget-wrap\">\n\t\t\t\t\t\t\t\t<\/div>\n\t\t\t\t\t<\/div>\n\t\t<\/div>\n\t\t\t\t<div class=\"elementor-column elementor-col-50 elementor-top-column elementor-element elementor-element-6d6960e4\" data-id=\"6d6960e4\" data-element_type=\"column\">\n\t\t\t<div class=\"elementor-column-wrap elementor-element-populated\">\n\t\t\t\t\t\t\t<div class=\"elementor-widget-wrap\">\n\t\t\t\t\t\t<div class=\"elementor-element elementor-element-867e978 elementor-align-center elementor-widget elementor-widget-button\" data-id=\"867e978\" data-element_type=\"widget\" data-widget_type=\"button.default\">\n\t\t\t\t<div class=\"elementor-widget-container\">\n\t\t\t\t\t<div class=\"elementor-button-wrapper\">\n\t\t\t<a href=\"https:\/\/groovit-dancestudio.com\/index.php\/laurent\/\" class=\"elementor-button-link elementor-button elementor-size-sm\" role=\"button\">\n\t\t\t\t\t\t<span class=\"elementor-button-content-wrapper\">\n\t\t\t\t\t\t<span class=\"elementor-button-text\">D\u00e9couvrez Laurent qui sera son partenaire<\/span>\n\t\t<\/span>\n\t\t\t\t\t<\/a>\n\t\t<\/div>\n\t\t\t\t<\/div>\n\t\t\t\t<\/div>\n\t\t\t\t<div class=\"elementor-element elementor-element-7a2670cb elementor-align-center elementor-widget elementor-widget-button\" data-id=\"7a2670cb\" data-element_type=\"widget\" data-widget_type=\"button.default\">\n\t\t\t\t<div class=\"elementor-widget-container\">\n\t\t\t\t\t<div class=\"elementor-button-wrapper\">\n\t\t\t<a href=\"https:\/\/groovit-dancestudio.com\/index.php\/benedicte-laurent\/\" class=\"elementor-button-link elementor-button elementor-size-sm\" role=\"button\">\n\t\t\t\t\t\t<span class=\"elementor-button-content-wrapper\">\n\t\t\t\t\t\t<span class=\"elementor-button-text\">Laurent & B\u00e9n\u00e9dicte<\/span>\n\t\t<\/span>\n\t\t\t\t\t<\/a>\n\t\t<\/div>\n\t\t\t\t<\/div>\n\t\t\t\t<\/div>\n\t\t\t\t<div class=\"elementor-element elementor-element-3a71e9dd elementor-widget elementor-widget-spacer\" data-id=\"3a71e9dd\" data-element_type=\"widget\" data-widget_type=\"spacer.default\">\n\t\t\t\t<div class=\"elementor-widget-container\">\n\t\t\t\t\t<div class=\"elementor-spacer\">\n\t\t\t<div class=\"elementor-spacer-inner\"><\/div>\n\t\t<\/div>\n\t\t\t\t<\/div>\n\t\t\t\t<\/div>\n\t\t\t\t\t\t<\/div>\n\t\t\t\t\t<\/div>\n\t\t<\/div>\n\t\t\t\t<div class=\"elementor-column elementor-col-25 elementor-top-column elementor-element elementor-element-23da56c2\" data-id=\"23da56c2\" data-element_type=\"column\">\n\t\t\t<div class=\"elementor-column-wrap\">\n\t\t\t\t\t\t\t<div class=\"elementor-widget-wrap\">\n\t\t\t\t\t\t\t\t<\/div>\n\t\t\t\t\t<\/div>\n\t\t<\/div>\n\t\t\t\t\t\t\t\t<\/div>\n\t\t\t\t\t<\/div>\n\t\t<\/section>\n\t\t\t\t\t\t<\/div>\n\t\t\t\t\t\t<\/div>\n\t\t\t\t\t<\/div>\n\t\t","protected":false},"excerpt":{"rendered":"<p>B\u00e9n\u00e9dicte, co-fondatrice de Groov&#8217;it a toujours dans\u00e9 depuis ses 4 ans et a pratiqu\u00e9 toutes sortes de danses: classique, moderne, Jazz contemporain, mais \u00e9galement danse russe, claquettes et hip hop. Lors de ses \u00e9tudes elle\u00a0 s\u2019\u00e9loigne quelques temps de sa passion mais reste dans les&#8230;<\/p>\n","protected":false},"author":1,"featured_media":0,"parent":0,"menu_order":0,"comment_status":"closed","ping_status":"closed","template":"","meta":{"footnotes":""},"class_list":["post-1007","page","type-page","status-publish","hentry"],"yoast_head":"<!-- This site is optimized with the Yoast SEO plugin v16.8 - https:\/\/yoast.com\/wordpress\/plugins\/seo\/ -->\n<title>B\u00e9n\u00e9dicte &gt; Groovit Dance studio<\/title>\n<meta name=\"robots\" content=\"index, follow, max-snippet:-1, max-image-preview:large, max-video-preview:-1\" \/>\n<link rel=\"canonical\" href=\"https:\/\/groovit-dancestudio.com\/index.php\/benedicte\/\" \/>\n<meta property=\"og:locale\" content=\"en_US\" \/>\n<meta property=\"og:type\" content=\"article\" \/>\n<meta property=\"og:title\" content=\"B\u00e9n\u00e9dicte &gt; Groovit Dance studio\" \/>\n<meta property=\"og:description\" content=\"B\u00e9n\u00e9dicte, co-fondatrice de Groov&#8217;it a toujours dans\u00e9 depuis ses 4 ans et a pratiqu\u00e9 toutes sortes de danses: classique, moderne, Jazz contemporain, mais \u00e9galement danse russe, claquettes et hip hop. Lors de ses \u00e9tudes elle\u00a0 s\u2019\u00e9loigne quelques temps de sa passion mais reste dans les...\" \/>\n<meta property=\"og:url\" content=\"https:\/\/groovit-dancestudio.com\/index.php\/benedicte\/\" \/>\n<meta property=\"og:site_name\" content=\"Groovit Dance studio\" \/>\n<meta property=\"article:publisher\" content=\"https:\/\/www.facebook.com\/dancestudiogroovit\" \/>\n<meta property=\"article:modified_time\" content=\"2023-06-10T11:54:07+00:00\" \/>\n<meta name=\"twitter:card\" content=\"summary_large_image\" \/>\n<meta name=\"twitter:label1\" content=\"Est. reading time\" \/>\n\t<meta name=\"twitter:data1\" content=\"2 minutes\" \/>\n<script type=\"application\/ld+json\" class=\"yoast-schema-graph\">{\"@context\":\"https:\/\/schema.org\",\"@graph\":[{\"@type\":\"Organization\",\"@id\":\"https:\/\/groovit-dancestudio.com\/#organization\",\"name\":\"Groov'it Dance Studio\",\"url\":\"https:\/\/groovit-dancestudio.com\/\",\"sameAs\":[\"https:\/\/www.facebook.com\/dancestudiogroovit\",\"https:\/\/www.instagram.com\/groovit_dancestudio\/?hl=fr\"],\"logo\":{\"@type\":\"ImageObject\",\"@id\":\"https:\/\/groovit-dancestudio.com\/#logo\",\"inLanguage\":\"en-US\",\"url\":\"https:\/\/groovit-dancestudio.com\/wp-content\/uploads\/2020\/07\/logo_bordeaux.png\",\"contentUrl\":\"https:\/\/groovit-dancestudio.com\/wp-content\/uploads\/2020\/07\/logo_bordeaux.png\",\"width\":572,\"height\":577,\"caption\":\"Groov'it Dance Studio\"},\"image\":{\"@id\":\"https:\/\/groovit-dancestudio.com\/#logo\"}},{\"@type\":\"WebSite\",\"@id\":\"https:\/\/groovit-dancestudio.com\/#website\",\"url\":\"https:\/\/groovit-dancestudio.com\/\",\"name\":\"Groovit Dance studio\",\"description\":\"Premi\\u00e8re \\u00e9cole de danse blues et swing \\u00e0 Paris et Montreuil\",\"publisher\":{\"@id\":\"https:\/\/groovit-dancestudio.com\/#organization\"},\"potentialAction\":[{\"@type\":\"SearchAction\",\"target\":{\"@type\":\"EntryPoint\",\"urlTemplate\":\"https:\/\/groovit-dancestudio.com\/?s={search_term_string}\"},\"query-input\":\"required name=search_term_string\"}],\"inLanguage\":\"en-US\"},{\"@type\":\"WebPage\",\"@id\":\"https:\/\/groovit-dancestudio.com\/index.php\/benedicte\/#webpage\",\"url\":\"https:\/\/groovit-dancestudio.com\/index.php\/benedicte\/\",\"name\":\"B\\u00e9n\\u00e9dicte &gt; Groovit Dance studio\",\"isPartOf\":{\"@id\":\"https:\/\/groovit-dancestudio.com\/#website\"},\"datePublished\":\"2021-07-01T23:29:19+00:00\",\"dateModified\":\"2023-06-10T11:54:07+00:00\",\"breadcrumb\":{\"@id\":\"https:\/\/groovit-dancestudio.com\/index.php\/benedicte\/#breadcrumb\"},\"inLanguage\":\"en-US\",\"potentialAction\":[{\"@type\":\"ReadAction\",\"target\":[\"https:\/\/groovit-dancestudio.com\/index.php\/benedicte\/\"]}]},{\"@type\":\"BreadcrumbList\",\"@id\":\"https:\/\/groovit-dancestudio.com\/index.php\/benedicte\/#breadcrumb\",\"itemListElement\":[{\"@type\":\"ListItem\",\"position\":1,\"name\":\"Home\",\"item\":\"https:\/\/groovit-dancestudio.com\/\"},{\"@type\":\"ListItem\",\"position\":2,\"name\":\"B\\u00e9n\\u00e9dicte\"}]}]}<\/script>\n<!-- \/ Yoast SEO plugin. -->","yoast_head_json":{"title":"B\u00e9n\u00e9dicte &gt; Groovit Dance studio","robots":{"index":"index","follow":"follow","max-snippet":"max-snippet:-1","max-image-preview":"max-image-preview:large","max-video-preview":"max-video-preview:-1"},"canonical":"https:\/\/groovit-dancestudio.com\/index.php\/benedicte\/","og_locale":"en_US","og_type":"article","og_title":"B\u00e9n\u00e9dicte &gt; Groovit Dance studio","og_description":"B\u00e9n\u00e9dicte, co-fondatrice de Groov&#8217;it a toujours dans\u00e9 depuis ses 4 ans et a pratiqu\u00e9 toutes sortes de danses: classique, moderne, Jazz contemporain, mais \u00e9galement danse russe, claquettes et hip hop. Lors de ses \u00e9tudes elle\u00a0 s\u2019\u00e9loigne quelques temps de sa passion mais reste dans les...","og_url":"https:\/\/groovit-dancestudio.com\/index.php\/benedicte\/","og_site_name":"Groovit Dance studio","article_publisher":"https:\/\/www.facebook.com\/dancestudiogroovit","article_modified_time":"2023-06-10T11:54:07+00:00","twitter_card":"summary_large_image","twitter_misc":{"Est. reading time":"2 minutes"},"schema":{"@context":"https:\/\/schema.org","@graph":[{"@type":"Organization","@id":"https:\/\/groovit-dancestudio.com\/#organization","name":"Groov'it Dance Studio","url":"https:\/\/groovit-dancestudio.com\/","sameAs":["https:\/\/www.facebook.com\/dancestudiogroovit","https:\/\/www.instagram.com\/groovit_dancestudio\/?hl=fr"],"logo":{"@type":"ImageObject","@id":"https:\/\/groovit-dancestudio.com\/#logo","inLanguage":"en-US","url":"https:\/\/groovit-dancestudio.com\/wp-content\/uploads\/2020\/07\/logo_bordeaux.png","contentUrl":"https:\/\/groovit-dancestudio.com\/wp-content\/uploads\/2020\/07\/logo_bordeaux.png","width":572,"height":577,"caption":"Groov'it Dance Studio"},"image":{"@id":"https:\/\/groovit-dancestudio.com\/#logo"}},{"@type":"WebSite","@id":"https:\/\/groovit-dancestudio.com\/#website","url":"https:\/\/groovit-dancestudio.com\/","name":"Groovit Dance studio","description":"Premi\u00e8re \u00e9cole de danse blues et swing \u00e0 Paris et Montreuil","publisher":{"@id":"https:\/\/groovit-dancestudio.com\/#organization"},"potentialAction":[{"@type":"SearchAction","target":{"@type":"EntryPoint","urlTemplate":"https:\/\/groovit-dancestudio.com\/?s={search_term_string}"},"query-input":"required name=search_term_string"}],"inLanguage":"en-US"},{"@type":"WebPage","@id":"https:\/\/groovit-dancestudio.com\/index.php\/benedicte\/#webpage","url":"https:\/\/groovit-dancestudio.com\/index.php\/benedicte\/","name":"B\u00e9n\u00e9dicte &gt; Groovit Dance studio","isPartOf":{"@id":"https:\/\/groovit-dancestudio.com\/#website"},"datePublished":"2021-07-01T23:29:19+00:00","dateModified":"2023-06-10T11:54:07+00:00","breadcrumb":{"@id":"https:\/\/groovit-dancestudio.com\/index.php\/benedicte\/#breadcrumb"},"inLanguage":"en-US","potentialAction":[{"@type":"ReadAction","target":["https:\/\/groovit-dancestudio.com\/index.php\/benedicte\/"]}]},{"@type":"BreadcrumbList","@id":"https:\/\/groovit-dancestudio.com\/index.php\/benedicte\/#breadcrumb","itemListElement":[{"@type":"ListItem","position":1,"name":"Home","item":"https:\/\/groovit-dancestudio.com\/"},{"@type":"ListItem","position":2,"name":"B\u00e9n\u00e9dicte"}]}]}},"_links":{"self":[{"href":"https:\/\/groovit-dancestudio.com\/index.php\/wp-json\/wp\/v2\/pages\/1007","targetHints":{"allow":["GET"]}}],"collection":[{"href":"https:\/\/groovit-dancestudio.com\/index.php\/wp-json\/wp\/v2\/pages"}],"about":[{"href":"https:\/\/groovit-dancestudio.com\/index.php\/wp-json\/wp\/v2\/types\/page"}],"author":[{"embeddable":true,"href":"https:\/\/groovit-dancestudio.com\/index.php\/wp-json\/wp\/v2\/users\/1"}],"replies":[{"embeddable":true,"href":"https:\/\/groovit-dancestudio.com\/index.php\/wp-json\/wp\/v2\/comments?post=1007"}],"version-history":[{"count":6,"href":"https:\/\/groovit-dancestudio.com\/index.php\/wp-json\/wp\/v2\/pages\/1007\/revisions"}],"predecessor-version":[{"id":1706,"href":"https:\/\/groovit-dancestudio.com\/index.php\/wp-json\/wp\/v2\/pages\/1007\/revisions\/1706"}],"wp:attachment":[{"href":"https:\/\/groovit-dancestudio.com\/index.php\/wp-json\/wp\/v2\/media?parent=1007"}],"curies":[{"name":"wp","href":"https:\/\/api.w.org\/{rel}","templated":true}]}}